{"id":1607,"date":"2024-10-29T20:57:26","date_gmt":"2024-10-29T20:57:26","guid":{"rendered":"https:\/\/notquite.shop\/arg\/?page_id=1607"},"modified":"2025-03-12T16:56:06","modified_gmt":"2025-03-12T19:56:06","slug":"pago-y-envio","status":"publish","type":"page","link":"https:\/\/notquite.shop\/arg\/pago-y-envio\/","title":{"rendered":"Producci\u00f3n y env\u00edo"},"content":{"rendered":"\n<p>Si tenemos stock, tu pieza se enviar\u00e1 en 2-3 d\u00edas h\u00e1biles. De no estar disponible, lo crearemos para ti y el env\u00edo se realizar\u00e1 en un plazo de hasta 7 d\u00edas h\u00e1biles. Para piezas con engarce el plazo se puede extender hasta 14 dias h\u00e1biles.<\/p>\n","protected":false},"excerpt":{"rendered":"<p>Si tenemos stock, tu pieza se enviar\u00e1 en 2-3 d\u00edas h\u00e1biles. De no estar disponible, lo crearemos para ti y el env\u00edo se realizar\u00e1 en un plazo de hasta 7 d\u00edas h\u00e1biles. Para piezas con engarce el plazo se puede extender hasta 14 dias h\u00e1biles.<\/p>\n","protected":false},"author":3,"featured_media":0,"parent":0,"menu_order":0,"comment_status":"closed","ping_status":"closed","template":"","meta":{"footnotes":""},"class_list":["post-1607","page","type-page","status-publish","hentry"],"yoast_head":"<!-- This site is optimized with the Yoast SEO plugin v26.2 - https:\/\/yoast.com\/wordpress\/plugins\/seo\/ -->\n<title>Producci\u00f3n y env\u00edo - NOTQUITE Argentina<\/title>\n<meta name=\"robots\" content=\"index, follow, max-snippet:-1, max-image-preview:large, max-video-preview:-1\" \/>\n<link rel=\"canonical\" href=\"https:\/\/notquite.shop\/arg\/pago-y-envio\/\" \/>\n<meta property=\"og:locale\" content=\"es_ES\" \/>\n<meta property=\"og:type\" content=\"article\" \/>\n<meta property=\"og:title\" content=\"Producci\u00f3n y env\u00edo - NOTQUITE Argentina\" \/>\n<meta property=\"og:description\" content=\"Si tenemos stock, tu pieza se enviar\u00e1 en 2-3 d\u00edas h\u00e1biles. De no estar disponible, lo crearemos para ti y el env\u00edo se realizar\u00e1 en un plazo de hasta 7 d\u00edas h\u00e1biles. Para piezas con engarce el plazo se puede extender hasta 14 dias h\u00e1biles.\" \/>\n<meta property=\"og:url\" content=\"https:\/\/notquite.shop\/arg\/pago-y-envio\/\" \/>\n<meta property=\"og:site_name\" content=\"NOTQUITE Argentina\" \/>\n<meta property=\"article:modified_time\" content=\"2025-03-12T19:56:06+00:00\" \/>\n<meta name=\"twitter:card\" content=\"summary_large_image\" \/>\n<meta name=\"twitter:label1\" content=\"Tiempo de lectura\" \/>\n\t<meta name=\"twitter:data1\" content=\"1 minuto\" \/>\n<script type=\"application\/ld+json\" class=\"yoast-schema-graph\">{\"@context\":\"https:\/\/schema.org\",\"@graph\":[{\"@type\":\"WebPage\",\"@id\":\"https:\/\/notquite.shop\/arg\/pago-y-envio\/\",\"url\":\"https:\/\/notquite.shop\/arg\/pago-y-envio\/\",\"name\":\"Producci\u00f3n y env\u00edo - NOTQUITE Argentina\",\"isPartOf\":{\"@id\":\"https:\/\/notquite.shop\/arg\/#website\"},\"datePublished\":\"2024-10-29T20:57:26+00:00\",\"dateModified\":\"2025-03-12T19:56:06+00:00\",\"breadcrumb\":{\"@id\":\"https:\/\/notquite.shop\/arg\/pago-y-envio\/#breadcrumb\"},\"inLanguage\":\"es\",\"potentialAction\":[{\"@type\":\"ReadAction\",\"target\":[\"https:\/\/notquite.shop\/arg\/pago-y-envio\/\"]}]},{\"@type\":\"BreadcrumbList\",\"@id\":\"https:\/\/notquite.shop\/arg\/pago-y-envio\/#breadcrumb\",\"itemListElement\":[{\"@type\":\"ListItem\",\"position\":1,\"name\":\"Home\",\"item\":\"https:\/\/notquite.shop\/arg\/\"},{\"@type\":\"ListItem\",\"position\":2,\"name\":\"Producci\u00f3n y env\u00edo\"}]},{\"@type\":\"WebSite\",\"@id\":\"https:\/\/notquite.shop\/arg\/#website\",\"url\":\"https:\/\/notquite.shop\/arg\/\",\"name\":\"NOTQUITE Argentina\",\"description\":\"\",\"potentialAction\":[{\"@type\":\"SearchAction\",\"target\":{\"@type\":\"EntryPoint\",\"urlTemplate\":\"https:\/\/notquite.shop\/arg\/?s={search_term_string}\"},\"query-input\":{\"@type\":\"PropertyValueSpecification\",\"valueRequired\":true,\"valueName\":\"search_term_string\"}}],\"inLanguage\":\"es\"}]}<\/script>\n<!-- \/ Yoast SEO plugin. -->","yoast_head_json":{"title":"Producci\u00f3n y env\u00edo - NOTQUITE Argentina","robots":{"index":"index","follow":"follow","max-snippet":"max-snippet:-1","max-image-preview":"max-image-preview:large","max-video-preview":"max-video-preview:-1"},"canonical":"https:\/\/notquite.shop\/arg\/pago-y-envio\/","og_locale":"es_ES","og_type":"article","og_title":"Producci\u00f3n y env\u00edo - NOTQUITE Argentina","og_description":"Si tenemos stock, tu pieza se enviar\u00e1 en 2-3 d\u00edas h\u00e1biles. De no estar disponible, lo crearemos para ti y el env\u00edo se realizar\u00e1 en un plazo de hasta 7 d\u00edas h\u00e1biles. Para piezas con engarce el plazo se puede extender hasta 14 dias h\u00e1biles.","og_url":"https:\/\/notquite.shop\/arg\/pago-y-envio\/","og_site_name":"NOTQUITE Argentina","article_modified_time":"2025-03-12T19:56:06+00:00","twitter_card":"summary_large_image","twitter_misc":{"Tiempo de lectura":"1 minuto"},"schema":{"@context":"https:\/\/schema.org","@graph":[{"@type":"WebPage","@id":"https:\/\/notquite.shop\/arg\/pago-y-envio\/","url":"https:\/\/notquite.shop\/arg\/pago-y-envio\/","name":"Producci\u00f3n y env\u00edo - NOTQUITE Argentina","isPartOf":{"@id":"https:\/\/notquite.shop\/arg\/#website"},"datePublished":"2024-10-29T20:57:26+00:00","dateModified":"2025-03-12T19:56:06+00:00","breadcrumb":{"@id":"https:\/\/notquite.shop\/arg\/pago-y-envio\/#breadcrumb"},"inLanguage":"es","potentialAction":[{"@type":"ReadAction","target":["https:\/\/notquite.shop\/arg\/pago-y-envio\/"]}]},{"@type":"BreadcrumbList","@id":"https:\/\/notquite.shop\/arg\/pago-y-envio\/#breadcrumb","itemListElement":[{"@type":"ListItem","position":1,"name":"Home","item":"https:\/\/notquite.shop\/arg\/"},{"@type":"ListItem","position":2,"name":"Producci\u00f3n y env\u00edo"}]},{"@type":"WebSite","@id":"https:\/\/notquite.shop\/arg\/#website","url":"https:\/\/notquite.shop\/arg\/","name":"NOTQUITE Argentina","description":"","potentialAction":[{"@type":"SearchAction","target":{"@type":"EntryPoint","urlTemplate":"https:\/\/notquite.shop\/arg\/?s={search_term_string}"},"query-input":{"@type":"PropertyValueSpecification","valueRequired":true,"valueName":"search_term_string"}}],"inLanguage":"es"}]}},"jetpack_sharing_enabled":true,"_links":{"self":[{"href":"https:\/\/notquite.shop\/arg\/wp-json\/wp\/v2\/pages\/1607","targetHints":{"allow":["GET"]}}],"collection":[{"href":"https:\/\/notquite.shop\/arg\/wp-json\/wp\/v2\/pages"}],"about":[{"href":"https:\/\/notquite.shop\/arg\/wp-json\/wp\/v2\/types\/page"}],"author":[{"embeddable":true,"href":"https:\/\/notquite.shop\/arg\/wp-json\/wp\/v2\/users\/3"}],"replies":[{"embeddable":true,"href":"https:\/\/notquite.shop\/arg\/wp-json\/wp\/v2\/comments?post=1607"}],"version-history":[{"count":2,"href":"https:\/\/notquite.shop\/arg\/wp-json\/wp\/v2\/pages\/1607\/revisions"}],"predecessor-version":[{"id":2401,"href":"https:\/\/notquite.shop\/arg\/wp-json\/wp\/v2\/pages\/1607\/revisions\/2401"}],"wp:attachment":[{"href":"https:\/\/notquite.shop\/arg\/wp-json\/wp\/v2\/media?parent=1607"}],"curies":[{"name":"wp","href":"https:\/\/api.w.org\/{rel}","templated":true}]}}