{"id":867,"date":"2024-09-20T18:28:07","date_gmt":"2024-09-20T18:28:07","guid":{"rendered":"https:\/\/notquite.shop\/arg\/?page_id=867"},"modified":"2026-03-26T18:12:37","modified_gmt":"2026-03-26T21:12:37","slug":"about","status":"publish","type":"page","link":"https:\/\/notquite.shop\/arg\/about\/","title":{"rendered":"About"},"content":{"rendered":"\t\t<div data-elementor-type=\"wp-page\" data-elementor-id=\"867\" class=\"elementor elementor-867\" data-elementor-post-type=\"page\">\n\t\t\t\t<div class=\"elementor-element elementor-element-495bfbb e-con-full e-flex e-con e-parent\" data-id=\"495bfbb\" data-element_type=\"container\">\n\t\t<div class=\"elementor-element elementor-element-c1cf0cf e-con-full e-flex e-con e-child\" data-id=\"c1cf0cf\" data-element_type=\"container\">\n\t\t\t\t<div class=\"elementor-element elementor-element-fa9916a elementor-widget elementor-widget-video\" data-id=\"fa9916a\" data-element_type=\"widget\" data-settings=\"{&quot;autoplay&quot;:&quot;yes&quot;,&quot;loop&quot;:&quot;yes&quot;,&quot;video_type&quot;:&quot;vimeo&quot;,&quot;play_on_mobile&quot;:&quot;yes&quot;}\" data-widget_type=\"video.default\">\n\t\t\t\t<div class=\"elementor-widget-container\">\n\t\t\t\t\t\t\t<div class=\"elementor-wrapper elementor-open-inline\">\n\t\t\t<iframe class=\"elementor-video-iframe\" allowfullscreen allow=\"autoplay\" title=\"Reproductor de v\u00eddeo vimeo\" src=\"https:\/\/player.vimeo.com\/video\/1025557883?autoplay=1&amp;playsinline=1&amp;color&amp;autopause=0&amp;loop=1&amp;muted=0&amp;title=0&amp;portrait=1&amp;byline=1#t=\"><\/iframe>\t\t<\/div>\n\t\t\t\t\t\t<\/div>\n\t\t\t\t<\/div>\n\t\t\t\t<\/div>\n\t\t<div class=\"elementor-element elementor-element-eb9e70c e-con-full e-flex e-con e-child\" data-id=\"eb9e70c\" data-element_type=\"container\">\n\t\t\t\t<div class=\"elementor-element elementor-element-0aa5dd3 elementor-widget__width-initial elementor-widget elementor-widget-text-editor\" data-id=\"0aa5dd3\" data-element_type=\"widget\" data-widget_type=\"text-editor.default\">\n\t\t\t\t<div class=\"elementor-widget-container\">\n\t\t\t\t\t\t\t\t\t<p class=\"p1\">Hecho en Buenos Aires, Not Quite es una marca de joyer\u00eda contempor\u00e1nea que trabaja desde <strong>el proceso, el detalle y la construcci\u00f3n de identidad<\/strong>. Cada pieza es dise\u00f1ada, modelada manualmente en cera y fundida en plata 925. El pulido y el engarzado se realizan a mano, en colaboraci\u00f3n con talleres y oficios locales.\u00a0 \u00a0 \u00a0 \u00a0 \u00a0 \u00a0 <strong>La calidad y la durabilidad no son un diferencial: son el punto de partida.<\/strong><\/p><p class=\"p1\">Joyas que se usan, se transforman y se integran a la vida cotidiana, carg\u00e1ndose de sentido con quien las lleva.<\/p>\t\t\t\t\t\t\t\t<\/div>\n\t\t\t\t<\/div>\n\t\t\t\t<\/div>\n\t\t\t\t<\/div>\n\t\t<div class=\"elementor-element elementor-element-d6149e5 e-flex e-con-boxed e-con e-parent\" data-id=\"d6149e5\" data-element_type=\"container\">\n\t\t\t\t\t<div class=\"e-con-inner\">\n\t\t<div class=\"elementor-element elementor-element-ad07d11 e-con-full e-flex e-con e-child\" data-id=\"ad07d11\" data-element_type=\"container\">\n\t\t\t\t<div class=\"elementor-element elementor-element-694e927 elementor-widget__width-initial elementor-widget elementor-widget-text-editor\" data-id=\"694e927\" data-element_type=\"widget\" data-widget_type=\"text-editor.default\">\n\t\t\t\t<div class=\"elementor-widget-container\">\n\t\t\t\t\t\t\t\t\t<p class=\"p1\"><strong>Ana Carcano<\/strong>, fundadora y fuerza creativa detr\u00e1s de cada pieza que sale de nuestro taller, desarrolla la marca en di\u00e1logo constante con <strong>artistas, espacios y procesos.<\/strong> M\u00e1s que una narrativa cerrada, propone un sistema abierto donde el dise\u00f1o, la producci\u00f3n y la comunidad se cruzan.<\/p><p class=\"p1\">Not Quite es una pr\u00e1ctica en evoluci\u00f3n. Un lugar donde <strong>lo t\u00e9cnico y lo sensible conviven sin jerarqu\u00edas<\/strong>, y donde cada pieza es el resultado de una b\u00fasqueda m\u00e1s que de una declaraci\u00f3n.<\/p>\t\t\t\t\t\t\t\t<\/div>\n\t\t\t\t<\/div>\n\t\t\t\t<\/div>\n\t\t<div class=\"elementor-element elementor-element-d8f3d7a e-con-full e-flex e-con e-child\" data-id=\"d8f3d7a\" data-element_type=\"container\">\n\t\t\t\t<div class=\"elementor-element elementor-element-ffcf65e elementor-widget elementor-widget-image\" data-id=\"ffcf65e\" data-element_type=\"widget\" data-widget_type=\"image.default\">\n\t\t\t\t<div class=\"elementor-widget-container\">\n\t\t\t\t\t\t\t\t\t\t\t\t\t\t\t<img fetchpriority=\"high\" decoding=\"async\" width=\"1697\" height=\"2560\" src=\"https:\/\/notquite.shop\/arg\/wp-content\/uploads\/2024\/11\/IMG_7794-scaled.jpg\" class=\"attachment-full size-full wp-image-2179\" alt=\"\" srcset=\"https:\/\/notquite.shop\/arg\/wp-content\/uploads\/2024\/11\/IMG_7794-scaled.jpg 1697w, https:\/\/notquite.shop\/arg\/wp-content\/uploads\/2024\/11\/IMG_7794-199x300.jpg 199w, https:\/\/notquite.shop\/arg\/wp-content\/uploads\/2024\/11\/IMG_7794-679x1024.jpg 679w, https:\/\/notquite.shop\/arg\/wp-content\/uploads\/2024\/11\/IMG_7794-768x1159.jpg 768w, https:\/\/notquite.shop\/arg\/wp-content\/uploads\/2024\/11\/IMG_7794-1018x1536.jpg 1018w, https:\/\/notquite.shop\/arg\/wp-content\/uploads\/2024\/11\/IMG_7794-1357x2048.jpg 1357w, https:\/\/notquite.shop\/arg\/wp-content\/uploads\/2024\/11\/IMG_7794-600x905.jpg 600w, https:\/\/notquite.shop\/arg\/wp-content\/uploads\/2024\/11\/IMG_7794-64x97.jpg 64w\" sizes=\"(max-width: 1697px) 100vw, 1697px\" \/>\t\t\t\t\t\t\t\t\t\t\t\t\t\t\t<\/div>\n\t\t\t\t<\/div>\n\t\t\t\t<\/div>\n\t\t\t\t\t<\/div>\n\t\t\t\t<\/div>\n\t\t<div class=\"elementor-element elementor-element-8957b76 e-con-full e-flex e-con e-parent\" data-id=\"8957b76\" data-element_type=\"container\">\n\t\t\t\t<div class=\"elementor-element elementor-element-288e170 elementor-widget elementor-widget-image\" data-id=\"288e170\" data-element_type=\"widget\" data-widget_type=\"image.default\">\n\t\t\t\t<div class=\"elementor-widget-container\">\n\t\t\t\t\t\t\t\t\t\t\t\t\t\t\t<img decoding=\"async\" width=\"1792\" height=\"2560\" src=\"https:\/\/notquite.shop\/arg\/wp-content\/uploads\/2024\/09\/000092420006-scaled.jpeg\" class=\"attachment-full size-full wp-image-2169\" alt=\"\" srcset=\"https:\/\/notquite.shop\/arg\/wp-content\/uploads\/2024\/09\/000092420006-scaled.jpeg 1792w, https:\/\/notquite.shop\/arg\/wp-content\/uploads\/2024\/09\/000092420006-210x300.jpeg 210w, https:\/\/notquite.shop\/arg\/wp-content\/uploads\/2024\/09\/000092420006-717x1024.jpeg 717w, https:\/\/notquite.shop\/arg\/wp-content\/uploads\/2024\/09\/000092420006-768x1097.jpeg 768w, https:\/\/notquite.shop\/arg\/wp-content\/uploads\/2024\/09\/000092420006-1075x1536.jpeg 1075w, https:\/\/notquite.shop\/arg\/wp-content\/uploads\/2024\/09\/000092420006-1434x2048.jpeg 1434w, https:\/\/notquite.shop\/arg\/wp-content\/uploads\/2024\/09\/000092420006-600x857.jpeg 600w, https:\/\/notquite.shop\/arg\/wp-content\/uploads\/2024\/09\/000092420006-64x91.jpeg 64w\" sizes=\"(max-width: 1792px) 100vw, 1792px\" \/>\t\t\t\t\t\t\t\t\t\t\t\t\t\t\t<\/div>\n\t\t\t\t<\/div>\n\t\t\t\t<div class=\"elementor-element elementor-element-3f63e5f elementor-widget elementor-widget-image\" data-id=\"3f63e5f\" data-element_type=\"widget\" data-widget_type=\"image.default\">\n\t\t\t\t<div class=\"elementor-widget-container\">\n\t\t\t\t\t\t\t\t\t\t\t\t\t\t\t<img decoding=\"async\" width=\"1792\" height=\"2560\" src=\"https:\/\/notquite.shop\/arg\/wp-content\/uploads\/2024\/09\/000092430037-1-scaled.jpeg\" class=\"attachment-full size-full wp-image-2163\" alt=\"\" srcset=\"https:\/\/notquite.shop\/arg\/wp-content\/uploads\/2024\/09\/000092430037-1-scaled.jpeg 1792w, https:\/\/notquite.shop\/arg\/wp-content\/uploads\/2024\/09\/000092430037-1-210x300.jpeg 210w, https:\/\/notquite.shop\/arg\/wp-content\/uploads\/2024\/09\/000092430037-1-717x1024.jpeg 717w, https:\/\/notquite.shop\/arg\/wp-content\/uploads\/2024\/09\/000092430037-1-768x1097.jpeg 768w, https:\/\/notquite.shop\/arg\/wp-content\/uploads\/2024\/09\/000092430037-1-1075x1536.jpeg 1075w, https:\/\/notquite.shop\/arg\/wp-content\/uploads\/2024\/09\/000092430037-1-1434x2048.jpeg 1434w, https:\/\/notquite.shop\/arg\/wp-content\/uploads\/2024\/09\/000092430037-1-600x857.jpeg 600w, https:\/\/notquite.shop\/arg\/wp-content\/uploads\/2024\/09\/000092430037-1-64x91.jpeg 64w\" sizes=\"(max-width: 1792px) 100vw, 1792px\" \/>\t\t\t\t\t\t\t\t\t\t\t\t\t\t\t<\/div>\n\t\t\t\t<\/div>\n\t\t\t\t<div class=\"elementor-element elementor-element-16b337e elementor-widget elementor-widget-image\" data-id=\"16b337e\" data-element_type=\"widget\" data-widget_type=\"image.default\">\n\t\t\t\t<div class=\"elementor-widget-container\">\n\t\t\t\t\t\t\t\t\t\t\t\t\t\t\t<img loading=\"lazy\" decoding=\"async\" width=\"800\" height=\"1143\" src=\"https:\/\/notquite.shop\/arg\/wp-content\/uploads\/2024\/09\/IMG_4501-2.jpg\" class=\"attachment-full size-full wp-image-1137\" alt=\"\" srcset=\"https:\/\/notquite.shop\/arg\/wp-content\/uploads\/2024\/09\/IMG_4501-2.jpg 800w, https:\/\/notquite.shop\/arg\/wp-content\/uploads\/2024\/09\/IMG_4501-2-210x300.jpg 210w, https:\/\/notquite.shop\/arg\/wp-content\/uploads\/2024\/09\/IMG_4501-2-717x1024.jpg 717w, https:\/\/notquite.shop\/arg\/wp-content\/uploads\/2024\/09\/IMG_4501-2-768x1097.jpg 768w, https:\/\/notquite.shop\/arg\/wp-content\/uploads\/2024\/09\/IMG_4501-2-600x857.jpg 600w, https:\/\/notquite.shop\/arg\/wp-content\/uploads\/2024\/09\/IMG_4501-2-64x91.jpg 64w\" sizes=\"(max-width: 800px) 100vw, 800px\" \/>\t\t\t\t\t\t\t\t\t\t\t\t\t\t\t<\/div>\n\t\t\t\t<\/div>\n\t\t\t\t<\/div>\n\t\t<div class=\"elementor-element elementor-element-69d187a e-flex e-con-boxed e-con e-parent\" data-id=\"69d187a\" data-element_type=\"container\">\n\t\t\t\t\t<div class=\"e-con-inner\">\n\t\t\t\t<div class=\"elementor-element elementor-element-e745769 elementor-widget elementor-widget-heading\" data-id=\"e745769\" data-element_type=\"widget\" data-widget_type=\"heading.default\">\n\t\t\t\t<div class=\"elementor-widget-container\">\n\t\t\t\t\t<div class=\"elementor-heading-title elementor-size-default\"><a href=\"https:\/\/www.instagram.com\/notquitejewelry\">Join\u200e \u200e \u200e \u200e \u200e \u200e \u200e \u200e \u200e \u200e \u200e\u200e \u200e \u200e \u200e \u200e \u200e \u200e\u200e  \u200e \u200e  our <br>community &lt;3<\/a><\/div>\t\t\t\t<\/div>\n\t\t\t\t<\/div>\n\t\t\t\t\t<\/div>\n\t\t\t\t<\/div>\n\t\t\t\t<\/div>\n\t\t","protected":false},"excerpt":{"rendered":"<p>https:\/\/vimeo.com\/1025557883?share=copy Hecho en Buenos Aires, Not Quite es una marca de joyer\u00eda contempor\u00e1nea que trabaja desde el proceso, el detalle y la construcci\u00f3n de identidad. Cada pieza es dise\u00f1ada, modelada manualmente en cera y fundida en plata 925. El pulido y el engarzado se realizan a mano, en colaboraci\u00f3n con talleres y oficios locales.\u00a0 \u00a0 [&hellip;]<\/p>\n","protected":false},"author":3,"featured_media":0,"parent":0,"menu_order":0,"comment_status":"closed","ping_status":"closed","template":"elementor_header_footer","meta":{"footnotes":""},"class_list":["post-867","page","type-page","status-publish","hentry"],"yoast_head":"<!-- This site is optimized with the Yoast SEO plugin v26.2 - https:\/\/yoast.com\/wordpress\/plugins\/seo\/ -->\n<title>About - NOTQUITE Argentina<\/title>\n<meta name=\"robots\" content=\"index, follow, max-snippet:-1, max-image-preview:large, max-video-preview:-1\" \/>\n<link rel=\"canonical\" href=\"https:\/\/notquite.shop\/arg\/about\/\" \/>\n<meta property=\"og:locale\" content=\"es_ES\" \/>\n<meta property=\"og:type\" content=\"article\" \/>\n<meta property=\"og:title\" content=\"About - NOTQUITE Argentina\" \/>\n<meta property=\"og:description\" content=\"https:\/\/vimeo.com\/1025557883?share=copy Hecho en Buenos Aires, Not Quite es una marca de joyer\u00eda contempor\u00e1nea que trabaja desde el proceso, el detalle y la construcci\u00f3n de identidad. Cada pieza es dise\u00f1ada, modelada manualmente en cera y fundida en plata 925. El pulido y el engarzado se realizan a mano, en colaboraci\u00f3n con talleres y oficios locales.\u00a0 \u00a0 [&hellip;]\" \/>\n<meta property=\"og:url\" content=\"https:\/\/notquite.shop\/arg\/about\/\" \/>\n<meta property=\"og:site_name\" content=\"NOTQUITE Argentina\" \/>\n<meta property=\"article:modified_time\" content=\"2026-03-26T21:12:37+00:00\" \/>\n<meta property=\"og:image\" content=\"https:\/\/notquite.shop\/arg\/wp-content\/uploads\/2024\/11\/IMG_7794-scaled.jpg\" \/>\n\t<meta property=\"og:image:width\" content=\"1697\" \/>\n\t<meta property=\"og:image:height\" content=\"2560\" \/>\n\t<meta property=\"og:image:type\" content=\"image\/jpeg\" \/>\n<meta name=\"twitter:card\" content=\"summary_large_image\" \/>\n<meta name=\"twitter:label1\" content=\"Tiempo de lectura\" \/>\n\t<meta name=\"twitter:data1\" content=\"2 minutos\" \/>\n<script type=\"application\/ld+json\" class=\"yoast-schema-graph\">{\"@context\":\"https:\/\/schema.org\",\"@graph\":[{\"@type\":\"WebPage\",\"@id\":\"https:\/\/notquite.shop\/arg\/about\/\",\"url\":\"https:\/\/notquite.shop\/arg\/about\/\",\"name\":\"About - NOTQUITE Argentina\",\"isPartOf\":{\"@id\":\"https:\/\/notquite.shop\/arg\/#website\"},\"primaryImageOfPage\":{\"@id\":\"https:\/\/notquite.shop\/arg\/about\/#primaryimage\"},\"image\":{\"@id\":\"https:\/\/notquite.shop\/arg\/about\/#primaryimage\"},\"thumbnailUrl\":\"https:\/\/notquite.shop\/arg\/wp-content\/uploads\/2024\/11\/IMG_7794-scaled.jpg\",\"datePublished\":\"2024-09-20T18:28:07+00:00\",\"dateModified\":\"2026-03-26T21:12:37+00:00\",\"breadcrumb\":{\"@id\":\"https:\/\/notquite.shop\/arg\/about\/#breadcrumb\"},\"inLanguage\":\"es\",\"potentialAction\":[{\"@type\":\"ReadAction\",\"target\":[\"https:\/\/notquite.shop\/arg\/about\/\"]}]},{\"@type\":\"ImageObject\",\"inLanguage\":\"es\",\"@id\":\"https:\/\/notquite.shop\/arg\/about\/#primaryimage\",\"url\":\"https:\/\/notquite.shop\/arg\/wp-content\/uploads\/2024\/11\/IMG_7794-scaled.jpg\",\"contentUrl\":\"https:\/\/notquite.shop\/arg\/wp-content\/uploads\/2024\/11\/IMG_7794-scaled.jpg\",\"width\":1697,\"height\":2560},{\"@type\":\"BreadcrumbList\",\"@id\":\"https:\/\/notquite.shop\/arg\/about\/#breadcrumb\",\"itemListElement\":[{\"@type\":\"ListItem\",\"position\":1,\"name\":\"Home\",\"item\":\"https:\/\/notquite.shop\/arg\/\"},{\"@type\":\"ListItem\",\"position\":2,\"name\":\"About\"}]},{\"@type\":\"WebSite\",\"@id\":\"https:\/\/notquite.shop\/arg\/#website\",\"url\":\"https:\/\/notquite.shop\/arg\/\",\"name\":\"NOTQUITE Argentina\",\"description\":\"\",\"potentialAction\":[{\"@type\":\"SearchAction\",\"target\":{\"@type\":\"EntryPoint\",\"urlTemplate\":\"https:\/\/notquite.shop\/arg\/?s={search_term_string}\"},\"query-input\":{\"@type\":\"PropertyValueSpecification\",\"valueRequired\":true,\"valueName\":\"search_term_string\"}}],\"inLanguage\":\"es\"}]}<\/script>\n<!-- \/ Yoast SEO plugin. -->","yoast_head_json":{"title":"About - NOTQUITE Argentina","robots":{"index":"index","follow":"follow","max-snippet":"max-snippet:-1","max-image-preview":"max-image-preview:large","max-video-preview":"max-video-preview:-1"},"canonical":"https:\/\/notquite.shop\/arg\/about\/","og_locale":"es_ES","og_type":"article","og_title":"About - NOTQUITE Argentina","og_description":"https:\/\/vimeo.com\/1025557883?share=copy Hecho en Buenos Aires, Not Quite es una marca de joyer\u00eda contempor\u00e1nea que trabaja desde el proceso, el detalle y la construcci\u00f3n de identidad. Cada pieza es dise\u00f1ada, modelada manualmente en cera y fundida en plata 925. El pulido y el engarzado se realizan a mano, en colaboraci\u00f3n con talleres y oficios locales.\u00a0 \u00a0 [&hellip;]","og_url":"https:\/\/notquite.shop\/arg\/about\/","og_site_name":"NOTQUITE Argentina","article_modified_time":"2026-03-26T21:12:37+00:00","og_image":[{"width":1697,"height":2560,"url":"https:\/\/notquite.shop\/arg\/wp-content\/uploads\/2024\/11\/IMG_7794-scaled.jpg","type":"image\/jpeg"}],"twitter_card":"summary_large_image","twitter_misc":{"Tiempo de lectura":"2 minutos"},"schema":{"@context":"https:\/\/schema.org","@graph":[{"@type":"WebPage","@id":"https:\/\/notquite.shop\/arg\/about\/","url":"https:\/\/notquite.shop\/arg\/about\/","name":"About - NOTQUITE Argentina","isPartOf":{"@id":"https:\/\/notquite.shop\/arg\/#website"},"primaryImageOfPage":{"@id":"https:\/\/notquite.shop\/arg\/about\/#primaryimage"},"image":{"@id":"https:\/\/notquite.shop\/arg\/about\/#primaryimage"},"thumbnailUrl":"https:\/\/notquite.shop\/arg\/wp-content\/uploads\/2024\/11\/IMG_7794-scaled.jpg","datePublished":"2024-09-20T18:28:07+00:00","dateModified":"2026-03-26T21:12:37+00:00","breadcrumb":{"@id":"https:\/\/notquite.shop\/arg\/about\/#breadcrumb"},"inLanguage":"es","potentialAction":[{"@type":"ReadAction","target":["https:\/\/notquite.shop\/arg\/about\/"]}]},{"@type":"ImageObject","inLanguage":"es","@id":"https:\/\/notquite.shop\/arg\/about\/#primaryimage","url":"https:\/\/notquite.shop\/arg\/wp-content\/uploads\/2024\/11\/IMG_7794-scaled.jpg","contentUrl":"https:\/\/notquite.shop\/arg\/wp-content\/uploads\/2024\/11\/IMG_7794-scaled.jpg","width":1697,"height":2560},{"@type":"BreadcrumbList","@id":"https:\/\/notquite.shop\/arg\/about\/#breadcrumb","itemListElement":[{"@type":"ListItem","position":1,"name":"Home","item":"https:\/\/notquite.shop\/arg\/"},{"@type":"ListItem","position":2,"name":"About"}]},{"@type":"WebSite","@id":"https:\/\/notquite.shop\/arg\/#website","url":"https:\/\/notquite.shop\/arg\/","name":"NOTQUITE Argentina","description":"","potentialAction":[{"@type":"SearchAction","target":{"@type":"EntryPoint","urlTemplate":"https:\/\/notquite.shop\/arg\/?s={search_term_string}"},"query-input":{"@type":"PropertyValueSpecification","valueRequired":true,"valueName":"search_term_string"}}],"inLanguage":"es"}]}},"jetpack_sharing_enabled":true,"_links":{"self":[{"href":"https:\/\/notquite.shop\/arg\/wp-json\/wp\/v2\/pages\/867","targetHints":{"allow":["GET"]}}],"collection":[{"href":"https:\/\/notquite.shop\/arg\/wp-json\/wp\/v2\/pages"}],"about":[{"href":"https:\/\/notquite.shop\/arg\/wp-json\/wp\/v2\/types\/page"}],"author":[{"embeddable":true,"href":"https:\/\/notquite.shop\/arg\/wp-json\/wp\/v2\/users\/3"}],"replies":[{"embeddable":true,"href":"https:\/\/notquite.shop\/arg\/wp-json\/wp\/v2\/comments?post=867"}],"version-history":[{"count":49,"href":"https:\/\/notquite.shop\/arg\/wp-json\/wp\/v2\/pages\/867\/revisions"}],"predecessor-version":[{"id":2944,"href":"https:\/\/notquite.shop\/arg\/wp-json\/wp\/v2\/pages\/867\/revisions\/2944"}],"wp:attachment":[{"href":"https:\/\/notquite.shop\/arg\/wp-json\/wp\/v2\/media?parent=867"}],"curies":[{"name":"wp","href":"https:\/\/api.w.org\/{rel}","templated":true}]}}