{"id":1827,"date":"2024-10-29T23:06:27","date_gmt":"2024-10-29T23:06:27","guid":{"rendered":"https:\/\/notquite.shop\/arg\/?post_type=product&#038;p=1827"},"modified":"2026-03-13T03:45:39","modified_gmt":"2026-03-13T06:45:39","slug":"viga","status":"publish","type":"product","link":"https:\/\/notquite.shop\/arg\/producto\/viga\/","title":{"rendered":"Viga"},"content":{"rendered":"<p>Modelado en cera<\/p>\n<p>Fundido en plata 925<\/p>\n","protected":false},"excerpt":{"rendered":"<p>Modelado en cera<\/p>\n<p>Fundido en plata 925<\/p>\n<p><em>Si hay stock disponible el producto se enviar\u00e1 en 48hs.\u00a0Si no hay stock disponible, el producto estar\u00e1 listo para ser enviado 14 d\u00edas despu\u00e9s de la compra.<\/em><\/p>\n","protected":false},"featured_media":1843,"template":"","meta":[],"product_brand":[],"product_cat":[16],"product_tag":[],"class_list":{"0":"post-1827","1":"product","2":"type-product","3":"status-publish","4":"has-post-thumbnail","6":"product_cat-anillos","8":"first","9":"instock","10":"featured","11":"shipping-taxable","12":"purchasable","13":"product-type-variable"},"yoast_head":"<!-- This site is optimized with the Yoast SEO plugin v26.2 - https:\/\/yoast.com\/wordpress\/plugins\/seo\/ -->\n<title>Viga - NOTQUITE Argentina<\/title>\n<meta name=\"description\" content=\"Colecci\u00f3n de anillos bases de Not Quite. Hechos a mano en cera y fundidos en plata 925, tanto para estilos minimalistas como para expresiones audaces.\" \/>\n<meta name=\"robots\" content=\"index, follow, max-snippet:-1, max-image-preview:large, max-video-preview:-1\" \/>\n<link rel=\"canonical\" href=\"https:\/\/notquite.shop\/arg\/producto\/viga\/\" \/>\n<meta property=\"og:locale\" content=\"es_ES\" \/>\n<meta property=\"og:type\" content=\"article\" \/>\n<meta property=\"og:title\" content=\"Viga - NOTQUITE Argentina\" \/>\n<meta property=\"og:description\" content=\"Colecci\u00f3n de anillos bases de Not Quite. Hechos a mano en cera y fundidos en plata 925, tanto para estilos minimalistas como para expresiones audaces.\" \/>\n<meta property=\"og:url\" content=\"https:\/\/notquite.shop\/arg\/producto\/viga\/\" \/>\n<meta property=\"og:site_name\" content=\"NOTQUITE Argentina\" \/>\n<meta property=\"article:modified_time\" content=\"2026-03-13T06:45:39+00:00\" \/>\n<meta property=\"og:image\" content=\"https:\/\/notquite.shop\/arg\/wp-content\/uploads\/2024\/10\/2d_01_00015_raw.jpeg\" \/>\n\t<meta property=\"og:image:width\" content=\"2263\" \/>\n\t<meta property=\"og:image:height\" content=\"2264\" \/>\n\t<meta property=\"og:image:type\" content=\"image\/jpeg\" \/>\n<meta name=\"twitter:card\" content=\"summary_large_image\" \/>\n<meta name=\"twitter:label1\" content=\"Tiempo de lectura\" \/>\n\t<meta name=\"twitter:data1\" content=\"1 minuto\" \/>\n<script type=\"application\/ld+json\" class=\"yoast-schema-graph\">{\"@context\":\"https:\/\/schema.org\",\"@graph\":[{\"@type\":\"WebPage\",\"@id\":\"https:\/\/notquite.shop\/arg\/producto\/viga\/\",\"url\":\"https:\/\/notquite.shop\/arg\/producto\/viga\/\",\"name\":\"Viga - NOTQUITE Argentina\",\"isPartOf\":{\"@id\":\"https:\/\/notquite.shop\/arg\/#website\"},\"primaryImageOfPage\":{\"@id\":\"https:\/\/notquite.shop\/arg\/producto\/viga\/#primaryimage\"},\"image\":{\"@id\":\"https:\/\/notquite.shop\/arg\/producto\/viga\/#primaryimage\"},\"thumbnailUrl\":\"https:\/\/notquite.shop\/arg\/wp-content\/uploads\/2024\/10\/2d_01_00015_raw.jpeg\",\"datePublished\":\"2024-10-29T23:06:27+00:00\",\"dateModified\":\"2026-03-13T06:45:39+00:00\",\"description\":\"Colecci\u00f3n de anillos bases de Not Quite. Hechos a mano en cera y fundidos en plata 925, tanto para estilos minimalistas como para expresiones audaces.\",\"breadcrumb\":{\"@id\":\"https:\/\/notquite.shop\/arg\/producto\/viga\/#breadcrumb\"},\"inLanguage\":\"es\",\"potentialAction\":[{\"@type\":\"ReadAction\",\"target\":[\"https:\/\/notquite.shop\/arg\/producto\/viga\/\"]}]},{\"@type\":\"ImageObject\",\"inLanguage\":\"es\",\"@id\":\"https:\/\/notquite.shop\/arg\/producto\/viga\/#primaryimage\",\"url\":\"https:\/\/notquite.shop\/arg\/wp-content\/uploads\/2024\/10\/2d_01_00015_raw.jpeg\",\"contentUrl\":\"https:\/\/notquite.shop\/arg\/wp-content\/uploads\/2024\/10\/2d_01_00015_raw.jpeg\",\"width\":2263,\"height\":2264},{\"@type\":\"BreadcrumbList\",\"@id\":\"https:\/\/notquite.shop\/arg\/producto\/viga\/#breadcrumb\",\"itemListElement\":[{\"@type\":\"ListItem\",\"position\":1,\"name\":\"Home\",\"item\":\"https:\/\/notquite.shop\/arg\/\"},{\"@type\":\"ListItem\",\"position\":2,\"name\":\"Tienda\",\"item\":\"https:\/\/notquite.shop\/arg\/tienda\/\"},{\"@type\":\"ListItem\",\"position\":3,\"name\":\"Anillos\",\"item\":\"https:\/\/notquite.shop\/arg\/categoria-producto\/anillos\/\"},{\"@type\":\"ListItem\",\"position\":4,\"name\":\"Viga\"}]},{\"@type\":\"WebSite\",\"@id\":\"https:\/\/notquite.shop\/arg\/#website\",\"url\":\"https:\/\/notquite.shop\/arg\/\",\"name\":\"NOTQUITE Argentina\",\"description\":\"\",\"potentialAction\":[{\"@type\":\"SearchAction\",\"target\":{\"@type\":\"EntryPoint\",\"urlTemplate\":\"https:\/\/notquite.shop\/arg\/?s={search_term_string}\"},\"query-input\":{\"@type\":\"PropertyValueSpecification\",\"valueRequired\":true,\"valueName\":\"search_term_string\"}}],\"inLanguage\":\"es\"}]}<\/script>\n<!-- \/ Yoast SEO plugin. -->","yoast_head_json":{"title":"Viga - NOTQUITE Argentina","description":"Colecci\u00f3n de anillos bases de Not Quite. Hechos a mano en cera y fundidos en plata 925, tanto para estilos minimalistas como para expresiones audaces.","robots":{"index":"index","follow":"follow","max-snippet":"max-snippet:-1","max-image-preview":"max-image-preview:large","max-video-preview":"max-video-preview:-1"},"canonical":"https:\/\/notquite.shop\/arg\/producto\/viga\/","og_locale":"es_ES","og_type":"article","og_title":"Viga - NOTQUITE Argentina","og_description":"Colecci\u00f3n de anillos bases de Not Quite. Hechos a mano en cera y fundidos en plata 925, tanto para estilos minimalistas como para expresiones audaces.","og_url":"https:\/\/notquite.shop\/arg\/producto\/viga\/","og_site_name":"NOTQUITE Argentina","article_modified_time":"2026-03-13T06:45:39+00:00","og_image":[{"width":2263,"height":2264,"url":"https:\/\/notquite.shop\/arg\/wp-content\/uploads\/2024\/10\/2d_01_00015_raw.jpeg","type":"image\/jpeg"}],"twitter_card":"summary_large_image","twitter_misc":{"Tiempo de lectura":"1 minuto"},"schema":{"@context":"https:\/\/schema.org","@graph":[{"@type":"WebPage","@id":"https:\/\/notquite.shop\/arg\/producto\/viga\/","url":"https:\/\/notquite.shop\/arg\/producto\/viga\/","name":"Viga - NOTQUITE Argentina","isPartOf":{"@id":"https:\/\/notquite.shop\/arg\/#website"},"primaryImageOfPage":{"@id":"https:\/\/notquite.shop\/arg\/producto\/viga\/#primaryimage"},"image":{"@id":"https:\/\/notquite.shop\/arg\/producto\/viga\/#primaryimage"},"thumbnailUrl":"https:\/\/notquite.shop\/arg\/wp-content\/uploads\/2024\/10\/2d_01_00015_raw.jpeg","datePublished":"2024-10-29T23:06:27+00:00","dateModified":"2026-03-13T06:45:39+00:00","description":"Colecci\u00f3n de anillos bases de Not Quite. Hechos a mano en cera y fundidos en plata 925, tanto para estilos minimalistas como para expresiones audaces.","breadcrumb":{"@id":"https:\/\/notquite.shop\/arg\/producto\/viga\/#breadcrumb"},"inLanguage":"es","potentialAction":[{"@type":"ReadAction","target":["https:\/\/notquite.shop\/arg\/producto\/viga\/"]}]},{"@type":"ImageObject","inLanguage":"es","@id":"https:\/\/notquite.shop\/arg\/producto\/viga\/#primaryimage","url":"https:\/\/notquite.shop\/arg\/wp-content\/uploads\/2024\/10\/2d_01_00015_raw.jpeg","contentUrl":"https:\/\/notquite.shop\/arg\/wp-content\/uploads\/2024\/10\/2d_01_00015_raw.jpeg","width":2263,"height":2264},{"@type":"BreadcrumbList","@id":"https:\/\/notquite.shop\/arg\/producto\/viga\/#breadcrumb","itemListElement":[{"@type":"ListItem","position":1,"name":"Home","item":"https:\/\/notquite.shop\/arg\/"},{"@type":"ListItem","position":2,"name":"Tienda","item":"https:\/\/notquite.shop\/arg\/tienda\/"},{"@type":"ListItem","position":3,"name":"Anillos","item":"https:\/\/notquite.shop\/arg\/categoria-producto\/anillos\/"},{"@type":"ListItem","position":4,"name":"Viga"}]},{"@type":"WebSite","@id":"https:\/\/notquite.shop\/arg\/#website","url":"https:\/\/notquite.shop\/arg\/","name":"NOTQUITE Argentina","description":"","potentialAction":[{"@type":"SearchAction","target":{"@type":"EntryPoint","urlTemplate":"https:\/\/notquite.shop\/arg\/?s={search_term_string}"},"query-input":{"@type":"PropertyValueSpecification","valueRequired":true,"valueName":"search_term_string"}}],"inLanguage":"es"}]}},"jetpack_sharing_enabled":true,"_links":{"self":[{"href":"https:\/\/notquite.shop\/arg\/wp-json\/wp\/v2\/product\/1827","targetHints":{"allow":["GET"]}}],"collection":[{"href":"https:\/\/notquite.shop\/arg\/wp-json\/wp\/v2\/product"}],"about":[{"href":"https:\/\/notquite.shop\/arg\/wp-json\/wp\/v2\/types\/product"}],"wp:featuredmedia":[{"embeddable":true,"href":"https:\/\/notquite.shop\/arg\/wp-json\/wp\/v2\/media\/1843"}],"wp:attachment":[{"href":"https:\/\/notquite.shop\/arg\/wp-json\/wp\/v2\/media?parent=1827"}],"wp:term":[{"taxonomy":"product_brand","embeddable":true,"href":"https:\/\/notquite.shop\/arg\/wp-json\/wp\/v2\/product_brand?post=1827"},{"taxonomy":"product_cat","embeddable":true,"href":"https:\/\/notquite.shop\/arg\/wp-json\/wp\/v2\/product_cat?post=1827"},{"taxonomy":"product_tag","embeddable":true,"href":"https:\/\/notquite.shop\/arg\/wp-json\/wp\/v2\/product_tag?post=1827"}],"curies":[{"name":"wp","href":"https:\/\/api.w.org\/{rel}","templated":true}]}}