{"id":1902,"date":"2024-10-29T23:07:49","date_gmt":"2024-10-29T23:07:49","guid":{"rendered":"https:\/\/notquite.shop\/arg\/?post_type=product&#038;p=1902"},"modified":"2026-03-26T00:04:56","modified_gmt":"2026-03-26T03:04:56","slug":"cino","status":"publish","type":"product","link":"https:\/\/notquite.shop\/arg\/producto\/cino\/","title":{"rendered":"Cino"},"content":{"rendered":"<p>Este anillo es elaborado a mano, modelado en cera y posteriormente fundido en Plata 925. El anillo cuenta con una piedra cuidadosamente engarzada la cual podes elegir.<\/p>\n<p>Esta colecci\u00f3n esta inspirada en la riqueza y la diversidad de la tierra, este anillo es un homenaje a los tesoros ocultos del mundo natural.<\/p>\n<p>Colaboraci\u00f3n con Cino, un artista que encuentra inspiraci\u00f3n en las memorias de su infancia, tocadas por la cultura del Pop Art, los dibujos animados cl\u00e1sicos y la escena del skate. Su arte nos invita a revivir tiempos m\u00e1s simples con colores vivos y evocativos. Jugando con la repetici\u00f3n de colores, personajes e iconograf\u00edas, en este caso, la gota.<\/p>\n<p>Este anillo es una celebraci\u00f3n a la amistad y la belleza del arte compartido.<\/p>\n","protected":false},"excerpt":{"rendered":"<p>Este anillo es elaborado a mano, modelado en cera y posteriormente fundido en Plata 925. El anillo cuenta con una piedra cuidadosamente engarzada la cual podes elegir.<\/p>\n<p>Esta colecci\u00f3n esta inspirada en la riqueza y la diversidad de la tierra, este anillo es un homenaje a los tesoros ocultos del mundo natural.<\/p>\n<p>Colaboraci\u00f3n con Cino, un artista que encuentra inspiraci\u00f3n en las memorias de su infancia, tocadas por la cultura del Pop Art, los dibujos animados cl\u00e1sicos y la escena del skate. Su arte nos invita a revivir tiempos m\u00e1s simples con colores vivos y evocativos. Jugando con la repetici\u00f3n de colores, personajes e iconograf\u00edas, en este caso, la gota.<\/p>\n<p>Este anillo es una celebraci\u00f3n a la amistad y la belleza del arte compartido.<\/p>\n","protected":false},"featured_media":1918,"template":"","meta":[],"product_brand":[],"product_cat":[16],"product_tag":[22],"class_list":{"0":"post-1902","1":"product","2":"type-product","3":"status-publish","4":"has-post-thumbnail","6":"product_cat-anillos","7":"product_tag-rings","9":"first","10":"onbackorder","11":"featured","12":"shipping-taxable","13":"purchasable","14":"product-type-variable"},"yoast_head":"<!-- This site is optimized with the Yoast SEO plugin v26.2 - https:\/\/yoast.com\/wordpress\/plugins\/seo\/ -->\n<title>Cino - NOTQUITE Argentina<\/title>\n<meta name=\"description\" content=\"Joyas \u00fanicas hechas a mano, modeladas en cera y fundidas en Plata 925 inspiradas en el arte y la delicadeza de la naturaleza.\" \/>\n<meta name=\"robots\" content=\"index, follow, max-snippet:-1, max-image-preview:large, max-video-preview:-1\" \/>\n<link rel=\"canonical\" href=\"https:\/\/notquite.shop\/arg\/producto\/cino\/\" \/>\n<meta property=\"og:locale\" content=\"es_ES\" \/>\n<meta property=\"og:type\" content=\"article\" \/>\n<meta property=\"og:title\" content=\"Cino - NOTQUITE Argentina\" \/>\n<meta property=\"og:description\" content=\"Joyas \u00fanicas hechas a mano, modeladas en cera y fundidas en Plata 925 inspiradas en el arte y la delicadeza de la naturaleza.\" \/>\n<meta property=\"og:url\" content=\"https:\/\/notquite.shop\/arg\/producto\/cino\/\" \/>\n<meta property=\"og:site_name\" content=\"NOTQUITE Argentina\" \/>\n<meta property=\"article:modified_time\" content=\"2026-03-26T03:04:56+00:00\" \/>\n<meta property=\"og:image\" content=\"https:\/\/notquite.shop\/arg\/wp-content\/uploads\/2024\/10\/2d_01_00016_raw.jpeg\" \/>\n\t<meta property=\"og:image:width\" content=\"1516\" \/>\n\t<meta property=\"og:image:height\" content=\"1516\" \/>\n\t<meta property=\"og:image:type\" content=\"image\/jpeg\" \/>\n<meta name=\"twitter:card\" content=\"summary_large_image\" \/>\n<meta name=\"twitter:label1\" content=\"Tiempo de lectura\" \/>\n\t<meta name=\"twitter:data1\" content=\"1 minuto\" \/>\n<script type=\"application\/ld+json\" class=\"yoast-schema-graph\">{\"@context\":\"https:\/\/schema.org\",\"@graph\":[{\"@type\":\"WebPage\",\"@id\":\"https:\/\/notquite.shop\/arg\/producto\/cino\/\",\"url\":\"https:\/\/notquite.shop\/arg\/producto\/cino\/\",\"name\":\"Cino - NOTQUITE Argentina\",\"isPartOf\":{\"@id\":\"https:\/\/notquite.shop\/arg\/#website\"},\"primaryImageOfPage\":{\"@id\":\"https:\/\/notquite.shop\/arg\/producto\/cino\/#primaryimage\"},\"image\":{\"@id\":\"https:\/\/notquite.shop\/arg\/producto\/cino\/#primaryimage\"},\"thumbnailUrl\":\"https:\/\/notquite.shop\/arg\/wp-content\/uploads\/2024\/10\/2d_01_00016_raw.jpeg\",\"datePublished\":\"2024-10-29T23:07:49+00:00\",\"dateModified\":\"2026-03-26T03:04:56+00:00\",\"description\":\"Joyas \u00fanicas hechas a mano, modeladas en cera y fundidas en Plata 925 inspiradas en el arte y la delicadeza de la naturaleza.\",\"breadcrumb\":{\"@id\":\"https:\/\/notquite.shop\/arg\/producto\/cino\/#breadcrumb\"},\"inLanguage\":\"es\",\"potentialAction\":[{\"@type\":\"ReadAction\",\"target\":[\"https:\/\/notquite.shop\/arg\/producto\/cino\/\"]}]},{\"@type\":\"ImageObject\",\"inLanguage\":\"es\",\"@id\":\"https:\/\/notquite.shop\/arg\/producto\/cino\/#primaryimage\",\"url\":\"https:\/\/notquite.shop\/arg\/wp-content\/uploads\/2024\/10\/2d_01_00016_raw.jpeg\",\"contentUrl\":\"https:\/\/notquite.shop\/arg\/wp-content\/uploads\/2024\/10\/2d_01_00016_raw.jpeg\",\"width\":1516,\"height\":1516},{\"@type\":\"BreadcrumbList\",\"@id\":\"https:\/\/notquite.shop\/arg\/producto\/cino\/#breadcrumb\",\"itemListElement\":[{\"@type\":\"ListItem\",\"position\":1,\"name\":\"Home\",\"item\":\"https:\/\/notquite.shop\/arg\/\"},{\"@type\":\"ListItem\",\"position\":2,\"name\":\"Tienda\",\"item\":\"https:\/\/notquite.shop\/arg\/tienda\/\"},{\"@type\":\"ListItem\",\"position\":3,\"name\":\"Anillos\",\"item\":\"https:\/\/notquite.shop\/arg\/categoria-producto\/anillos\/\"},{\"@type\":\"ListItem\",\"position\":4,\"name\":\"Cino\"}]},{\"@type\":\"WebSite\",\"@id\":\"https:\/\/notquite.shop\/arg\/#website\",\"url\":\"https:\/\/notquite.shop\/arg\/\",\"name\":\"NOTQUITE Argentina\",\"description\":\"\",\"potentialAction\":[{\"@type\":\"SearchAction\",\"target\":{\"@type\":\"EntryPoint\",\"urlTemplate\":\"https:\/\/notquite.shop\/arg\/?s={search_term_string}\"},\"query-input\":{\"@type\":\"PropertyValueSpecification\",\"valueRequired\":true,\"valueName\":\"search_term_string\"}}],\"inLanguage\":\"es\"}]}<\/script>\n<!-- \/ Yoast SEO plugin. -->","yoast_head_json":{"title":"Cino - NOTQUITE Argentina","description":"Joyas \u00fanicas hechas a mano, modeladas en cera y fundidas en Plata 925 inspiradas en el arte y la delicadeza de la naturaleza.","robots":{"index":"index","follow":"follow","max-snippet":"max-snippet:-1","max-image-preview":"max-image-preview:large","max-video-preview":"max-video-preview:-1"},"canonical":"https:\/\/notquite.shop\/arg\/producto\/cino\/","og_locale":"es_ES","og_type":"article","og_title":"Cino - NOTQUITE Argentina","og_description":"Joyas \u00fanicas hechas a mano, modeladas en cera y fundidas en Plata 925 inspiradas en el arte y la delicadeza de la naturaleza.","og_url":"https:\/\/notquite.shop\/arg\/producto\/cino\/","og_site_name":"NOTQUITE Argentina","article_modified_time":"2026-03-26T03:04:56+00:00","og_image":[{"width":1516,"height":1516,"url":"https:\/\/notquite.shop\/arg\/wp-content\/uploads\/2024\/10\/2d_01_00016_raw.jpeg","type":"image\/jpeg"}],"twitter_card":"summary_large_image","twitter_misc":{"Tiempo de lectura":"1 minuto"},"schema":{"@context":"https:\/\/schema.org","@graph":[{"@type":"WebPage","@id":"https:\/\/notquite.shop\/arg\/producto\/cino\/","url":"https:\/\/notquite.shop\/arg\/producto\/cino\/","name":"Cino - NOTQUITE Argentina","isPartOf":{"@id":"https:\/\/notquite.shop\/arg\/#website"},"primaryImageOfPage":{"@id":"https:\/\/notquite.shop\/arg\/producto\/cino\/#primaryimage"},"image":{"@id":"https:\/\/notquite.shop\/arg\/producto\/cino\/#primaryimage"},"thumbnailUrl":"https:\/\/notquite.shop\/arg\/wp-content\/uploads\/2024\/10\/2d_01_00016_raw.jpeg","datePublished":"2024-10-29T23:07:49+00:00","dateModified":"2026-03-26T03:04:56+00:00","description":"Joyas \u00fanicas hechas a mano, modeladas en cera y fundidas en Plata 925 inspiradas en el arte y la delicadeza de la naturaleza.","breadcrumb":{"@id":"https:\/\/notquite.shop\/arg\/producto\/cino\/#breadcrumb"},"inLanguage":"es","potentialAction":[{"@type":"ReadAction","target":["https:\/\/notquite.shop\/arg\/producto\/cino\/"]}]},{"@type":"ImageObject","inLanguage":"es","@id":"https:\/\/notquite.shop\/arg\/producto\/cino\/#primaryimage","url":"https:\/\/notquite.shop\/arg\/wp-content\/uploads\/2024\/10\/2d_01_00016_raw.jpeg","contentUrl":"https:\/\/notquite.shop\/arg\/wp-content\/uploads\/2024\/10\/2d_01_00016_raw.jpeg","width":1516,"height":1516},{"@type":"BreadcrumbList","@id":"https:\/\/notquite.shop\/arg\/producto\/cino\/#breadcrumb","itemListElement":[{"@type":"ListItem","position":1,"name":"Home","item":"https:\/\/notquite.shop\/arg\/"},{"@type":"ListItem","position":2,"name":"Tienda","item":"https:\/\/notquite.shop\/arg\/tienda\/"},{"@type":"ListItem","position":3,"name":"Anillos","item":"https:\/\/notquite.shop\/arg\/categoria-producto\/anillos\/"},{"@type":"ListItem","position":4,"name":"Cino"}]},{"@type":"WebSite","@id":"https:\/\/notquite.shop\/arg\/#website","url":"https:\/\/notquite.shop\/arg\/","name":"NOTQUITE Argentina","description":"","potentialAction":[{"@type":"SearchAction","target":{"@type":"EntryPoint","urlTemplate":"https:\/\/notquite.shop\/arg\/?s={search_term_string}"},"query-input":{"@type":"PropertyValueSpecification","valueRequired":true,"valueName":"search_term_string"}}],"inLanguage":"es"}]}},"jetpack_sharing_enabled":true,"_links":{"self":[{"href":"https:\/\/notquite.shop\/arg\/wp-json\/wp\/v2\/product\/1902","targetHints":{"allow":["GET"]}}],"collection":[{"href":"https:\/\/notquite.shop\/arg\/wp-json\/wp\/v2\/product"}],"about":[{"href":"https:\/\/notquite.shop\/arg\/wp-json\/wp\/v2\/types\/product"}],"wp:featuredmedia":[{"embeddable":true,"href":"https:\/\/notquite.shop\/arg\/wp-json\/wp\/v2\/media\/1918"}],"wp:attachment":[{"href":"https:\/\/notquite.shop\/arg\/wp-json\/wp\/v2\/media?parent=1902"}],"wp:term":[{"taxonomy":"product_brand","embeddable":true,"href":"https:\/\/notquite.shop\/arg\/wp-json\/wp\/v2\/product_brand?post=1902"},{"taxonomy":"product_cat","embeddable":true,"href":"https:\/\/notquite.shop\/arg\/wp-json\/wp\/v2\/product_cat?post=1902"},{"taxonomy":"product_tag","embeddable":true,"href":"https:\/\/notquite.shop\/arg\/wp-json\/wp\/v2\/product_tag?post=1902"}],"curies":[{"name":"wp","href":"https:\/\/api.w.org\/{rel}","templated":true}]}}