{"id":2515,"date":"2025-07-12T20:13:23","date_gmt":"2025-07-12T23:13:23","guid":{"rendered":"https:\/\/notquite.shop\/arg\/?post_type=product&#038;p=2515"},"modified":"2026-03-26T17:08:46","modified_gmt":"2026-03-26T20:08:46","slug":"suma-01","status":"publish","type":"product","link":"https:\/\/notquite.shop\/arg\/producto\/suma-01\/","title":{"rendered":"SUMA 01"},"content":{"rendered":"<p><img fetchpriority=\"high\" decoding=\"async\" class=\"alignnone size-medium wp-image-2525\" src=\"https:\/\/notquite.shop\/arg\/wp-content\/uploads\/2025\/07\/IMG_8070-300x300.jpg\" alt=\"\" width=\"300\" height=\"300\" srcset=\"https:\/\/notquite.shop\/arg\/wp-content\/uploads\/2025\/07\/IMG_8070-300x300.jpg 300w, https:\/\/notquite.shop\/arg\/wp-content\/uploads\/2025\/07\/IMG_8070-1024x1024.jpg 1024w, https:\/\/notquite.shop\/arg\/wp-content\/uploads\/2025\/07\/IMG_8070-150x150.jpg 150w, https:\/\/notquite.shop\/arg\/wp-content\/uploads\/2025\/07\/IMG_8070-768x768.jpg 768w, https:\/\/notquite.shop\/arg\/wp-content\/uploads\/2025\/07\/IMG_8070-1536x1536.jpg 1536w, https:\/\/notquite.shop\/arg\/wp-content\/uploads\/2025\/07\/IMG_8070-2048x2048.jpg 2048w, https:\/\/notquite.shop\/arg\/wp-content\/uploads\/2025\/07\/IMG_8070-600x600.jpg 600w, https:\/\/notquite.shop\/arg\/wp-content\/uploads\/2025\/07\/IMG_8070-100x100.jpg 100w, https:\/\/notquite.shop\/arg\/wp-content\/uploads\/2025\/07\/IMG_8070-50x50.jpg 50w, https:\/\/notquite.shop\/arg\/wp-content\/uploads\/2025\/07\/IMG_8070-64x64.jpg 64w\" sizes=\"(max-width: 300px) 100vw, 300px\" \/> <img decoding=\"async\" class=\"alignnone size-medium wp-image-2526\" src=\"https:\/\/notquite.shop\/arg\/wp-content\/uploads\/2025\/07\/IMG_8065-300x300.jpg\" alt=\"\" width=\"300\" height=\"300\" srcset=\"https:\/\/notquite.shop\/arg\/wp-content\/uploads\/2025\/07\/IMG_8065-300x300.jpg 300w, https:\/\/notquite.shop\/arg\/wp-content\/uploads\/2025\/07\/IMG_8065-1024x1024.jpg 1024w, https:\/\/notquite.shop\/arg\/wp-content\/uploads\/2025\/07\/IMG_8065-150x150.jpg 150w, https:\/\/notquite.shop\/arg\/wp-content\/uploads\/2025\/07\/IMG_8065-768x768.jpg 768w, https:\/\/notquite.shop\/arg\/wp-content\/uploads\/2025\/07\/IMG_8065-1536x1536.jpg 1536w, https:\/\/notquite.shop\/arg\/wp-content\/uploads\/2025\/07\/IMG_8065-2048x2048.jpg 2048w, https:\/\/notquite.shop\/arg\/wp-content\/uploads\/2025\/07\/IMG_8065-600x600.jpg 600w, https:\/\/notquite.shop\/arg\/wp-content\/uploads\/2025\/07\/IMG_8065-100x100.jpg 100w, https:\/\/notquite.shop\/arg\/wp-content\/uploads\/2025\/07\/IMG_8065-50x50.jpg 50w, https:\/\/notquite.shop\/arg\/wp-content\/uploads\/2025\/07\/IMG_8065-64x64.jpg 64w\" sizes=\"(max-width: 300px) 100vw, 300px\" \/> <img decoding=\"async\" class=\"alignnone size-medium wp-image-2527\" src=\"https:\/\/notquite.shop\/arg\/wp-content\/uploads\/2025\/07\/IMG_8067-300x300.jpg\" alt=\"\" width=\"300\" height=\"300\" srcset=\"https:\/\/notquite.shop\/arg\/wp-content\/uploads\/2025\/07\/IMG_8067-300x300.jpg 300w, https:\/\/notquite.shop\/arg\/wp-content\/uploads\/2025\/07\/IMG_8067-1024x1024.jpg 1024w, https:\/\/notquite.shop\/arg\/wp-content\/uploads\/2025\/07\/IMG_8067-150x150.jpg 150w, https:\/\/notquite.shop\/arg\/wp-content\/uploads\/2025\/07\/IMG_8067-768x768.jpg 768w, https:\/\/notquite.shop\/arg\/wp-content\/uploads\/2025\/07\/IMG_8067-1536x1536.jpg 1536w, https:\/\/notquite.shop\/arg\/wp-content\/uploads\/2025\/07\/IMG_8067-2048x2048.jpg 2048w, https:\/\/notquite.shop\/arg\/wp-content\/uploads\/2025\/07\/IMG_8067-600x600.jpg 600w, https:\/\/notquite.shop\/arg\/wp-content\/uploads\/2025\/07\/IMG_8067-100x100.jpg 100w, https:\/\/notquite.shop\/arg\/wp-content\/uploads\/2025\/07\/IMG_8067-50x50.jpg 50w, https:\/\/notquite.shop\/arg\/wp-content\/uploads\/2025\/07\/IMG_8067-64x64.jpg 64w\" sizes=\"(max-width: 300px) 100vw, 300px\" \/><\/p>\n<p>Este anillo es elaborado a mano, modelado en cera, posteriormente fundido en Plata 925 y engarzado con y engarzado con una circonia c\u00fabica negra ovalada.<\/p>\n<p>Es parte de nuestra colaboraci\u00f3n con SUMA. Nace desde un compartir. Comunidades, intereses, amigxs y seguro algunas cosas m\u00e1s.<\/p>\n<p>&nbsp;<\/p>\n","protected":false},"excerpt":{"rendered":"<p>\u00c9ste anillo es elaborado a mano, modelado en cera, fundido en Plata 925 y finalmente engarzado con una circonia c\u00fabica negra ovalada. Es parte de nuestra colaboraci\u00f3n con SUMA. Nace desde un compartir. Comunidades, intereses, amigxs y seguro algunas cosas m\u00e1s.<\/p>\n<p>&nbsp;<\/p>\n","protected":false},"featured_media":2525,"template":"","meta":[],"product_brand":[],"product_cat":[15,16],"product_tag":[],"class_list":{"0":"post-2515","1":"product","2":"type-product","3":"status-publish","4":"has-post-thumbnail","6":"product_cat-sin-categorizar","7":"product_cat-anillos","9":"first","10":"instock","11":"shipping-taxable","12":"purchasable","13":"product-type-variable"},"yoast_head":"<!-- This site is optimized with the Yoast SEO plugin v26.2 - https:\/\/yoast.com\/wordpress\/plugins\/seo\/ -->\n<title>SUMA 01 - NOTQUITE Argentina<\/title>\n<meta name=\"description\" content=\"Joyas \u00fanicas hechas a mano, modeladas en cera y fundidas en Plata 925, inspiradas en el proceso, la experimentaci\u00f3n y una mirada contempor\u00e1nea.\" \/>\n<meta name=\"robots\" content=\"index, follow, max-snippet:-1, max-image-preview:large, max-video-preview:-1\" \/>\n<link rel=\"canonical\" href=\"https:\/\/notquite.shop\/arg\/producto\/suma-01\/\" \/>\n<meta property=\"og:locale\" content=\"es_ES\" \/>\n<meta property=\"og:type\" content=\"article\" \/>\n<meta property=\"og:title\" content=\"SUMA 01 - NOTQUITE Argentina\" \/>\n<meta property=\"og:description\" content=\"Joyas \u00fanicas hechas a mano, modeladas en cera y fundidas en Plata 925, inspiradas en el proceso, la experimentaci\u00f3n y una mirada contempor\u00e1nea.\" \/>\n<meta property=\"og:url\" content=\"https:\/\/notquite.shop\/arg\/producto\/suma-01\/\" \/>\n<meta property=\"og:site_name\" content=\"NOTQUITE Argentina\" \/>\n<meta property=\"article:modified_time\" content=\"2026-03-26T20:08:46+00:00\" \/>\n<meta property=\"og:image\" content=\"https:\/\/notquite.shop\/arg\/wp-content\/uploads\/2025\/07\/IMG_8070.jpg\" \/>\n\t<meta property=\"og:image:width\" content=\"2392\" \/>\n\t<meta property=\"og:image:height\" content=\"2392\" \/>\n\t<meta property=\"og:image:type\" content=\"image\/jpeg\" \/>\n<meta name=\"twitter:card\" content=\"summary_large_image\" \/>\n<meta name=\"twitter:label1\" content=\"Tiempo de lectura\" \/>\n\t<meta name=\"twitter:data1\" content=\"2 minutos\" \/>\n<script type=\"application\/ld+json\" class=\"yoast-schema-graph\">{\"@context\":\"https:\/\/schema.org\",\"@graph\":[{\"@type\":\"WebPage\",\"@id\":\"https:\/\/notquite.shop\/arg\/producto\/suma-01\/\",\"url\":\"https:\/\/notquite.shop\/arg\/producto\/suma-01\/\",\"name\":\"SUMA 01 - NOTQUITE Argentina\",\"isPartOf\":{\"@id\":\"https:\/\/notquite.shop\/arg\/#website\"},\"primaryImageOfPage\":{\"@id\":\"https:\/\/notquite.shop\/arg\/producto\/suma-01\/#primaryimage\"},\"image\":{\"@id\":\"https:\/\/notquite.shop\/arg\/producto\/suma-01\/#primaryimage\"},\"thumbnailUrl\":\"https:\/\/notquite.shop\/arg\/wp-content\/uploads\/2025\/07\/IMG_8070.jpg\",\"datePublished\":\"2025-07-12T23:13:23+00:00\",\"dateModified\":\"2026-03-26T20:08:46+00:00\",\"description\":\"Joyas \u00fanicas hechas a mano, modeladas en cera y fundidas en Plata 925, inspiradas en el proceso, la experimentaci\u00f3n y una mirada contempor\u00e1nea.\",\"breadcrumb\":{\"@id\":\"https:\/\/notquite.shop\/arg\/producto\/suma-01\/#breadcrumb\"},\"inLanguage\":\"es\",\"potentialAction\":[{\"@type\":\"ReadAction\",\"target\":[\"https:\/\/notquite.shop\/arg\/producto\/suma-01\/\"]}]},{\"@type\":\"ImageObject\",\"inLanguage\":\"es\",\"@id\":\"https:\/\/notquite.shop\/arg\/producto\/suma-01\/#primaryimage\",\"url\":\"https:\/\/notquite.shop\/arg\/wp-content\/uploads\/2025\/07\/IMG_8070.jpg\",\"contentUrl\":\"https:\/\/notquite.shop\/arg\/wp-content\/uploads\/2025\/07\/IMG_8070.jpg\",\"width\":2392,\"height\":2392},{\"@type\":\"BreadcrumbList\",\"@id\":\"https:\/\/notquite.shop\/arg\/producto\/suma-01\/#breadcrumb\",\"itemListElement\":[{\"@type\":\"ListItem\",\"position\":1,\"name\":\"Home\",\"item\":\"https:\/\/notquite.shop\/arg\/\"},{\"@type\":\"ListItem\",\"position\":2,\"name\":\"Tienda\",\"item\":\"https:\/\/notquite.shop\/arg\/tienda\/\"},{\"@type\":\"ListItem\",\"position\":3,\"name\":\"Anillos\",\"item\":\"https:\/\/notquite.shop\/arg\/categoria-producto\/anillos\/\"},{\"@type\":\"ListItem\",\"position\":4,\"name\":\"SUMA 01\"}]},{\"@type\":\"WebSite\",\"@id\":\"https:\/\/notquite.shop\/arg\/#website\",\"url\":\"https:\/\/notquite.shop\/arg\/\",\"name\":\"NOTQUITE Argentina\",\"description\":\"\",\"potentialAction\":[{\"@type\":\"SearchAction\",\"target\":{\"@type\":\"EntryPoint\",\"urlTemplate\":\"https:\/\/notquite.shop\/arg\/?s={search_term_string}\"},\"query-input\":{\"@type\":\"PropertyValueSpecification\",\"valueRequired\":true,\"valueName\":\"search_term_string\"}}],\"inLanguage\":\"es\"}]}<\/script>\n<!-- \/ Yoast SEO plugin. -->","yoast_head_json":{"title":"SUMA 01 - NOTQUITE Argentina","description":"Joyas \u00fanicas hechas a mano, modeladas en cera y fundidas en Plata 925, inspiradas en el proceso, la experimentaci\u00f3n y una mirada contempor\u00e1nea.","robots":{"index":"index","follow":"follow","max-snippet":"max-snippet:-1","max-image-preview":"max-image-preview:large","max-video-preview":"max-video-preview:-1"},"canonical":"https:\/\/notquite.shop\/arg\/producto\/suma-01\/","og_locale":"es_ES","og_type":"article","og_title":"SUMA 01 - NOTQUITE Argentina","og_description":"Joyas \u00fanicas hechas a mano, modeladas en cera y fundidas en Plata 925, inspiradas en el proceso, la experimentaci\u00f3n y una mirada contempor\u00e1nea.","og_url":"https:\/\/notquite.shop\/arg\/producto\/suma-01\/","og_site_name":"NOTQUITE Argentina","article_modified_time":"2026-03-26T20:08:46+00:00","og_image":[{"width":2392,"height":2392,"url":"https:\/\/notquite.shop\/arg\/wp-content\/uploads\/2025\/07\/IMG_8070.jpg","type":"image\/jpeg"}],"twitter_card":"summary_large_image","twitter_misc":{"Tiempo de lectura":"2 minutos"},"schema":{"@context":"https:\/\/schema.org","@graph":[{"@type":"WebPage","@id":"https:\/\/notquite.shop\/arg\/producto\/suma-01\/","url":"https:\/\/notquite.shop\/arg\/producto\/suma-01\/","name":"SUMA 01 - NOTQUITE Argentina","isPartOf":{"@id":"https:\/\/notquite.shop\/arg\/#website"},"primaryImageOfPage":{"@id":"https:\/\/notquite.shop\/arg\/producto\/suma-01\/#primaryimage"},"image":{"@id":"https:\/\/notquite.shop\/arg\/producto\/suma-01\/#primaryimage"},"thumbnailUrl":"https:\/\/notquite.shop\/arg\/wp-content\/uploads\/2025\/07\/IMG_8070.jpg","datePublished":"2025-07-12T23:13:23+00:00","dateModified":"2026-03-26T20:08:46+00:00","description":"Joyas \u00fanicas hechas a mano, modeladas en cera y fundidas en Plata 925, inspiradas en el proceso, la experimentaci\u00f3n y una mirada contempor\u00e1nea.","breadcrumb":{"@id":"https:\/\/notquite.shop\/arg\/producto\/suma-01\/#breadcrumb"},"inLanguage":"es","potentialAction":[{"@type":"ReadAction","target":["https:\/\/notquite.shop\/arg\/producto\/suma-01\/"]}]},{"@type":"ImageObject","inLanguage":"es","@id":"https:\/\/notquite.shop\/arg\/producto\/suma-01\/#primaryimage","url":"https:\/\/notquite.shop\/arg\/wp-content\/uploads\/2025\/07\/IMG_8070.jpg","contentUrl":"https:\/\/notquite.shop\/arg\/wp-content\/uploads\/2025\/07\/IMG_8070.jpg","width":2392,"height":2392},{"@type":"BreadcrumbList","@id":"https:\/\/notquite.shop\/arg\/producto\/suma-01\/#breadcrumb","itemListElement":[{"@type":"ListItem","position":1,"name":"Home","item":"https:\/\/notquite.shop\/arg\/"},{"@type":"ListItem","position":2,"name":"Tienda","item":"https:\/\/notquite.shop\/arg\/tienda\/"},{"@type":"ListItem","position":3,"name":"Anillos","item":"https:\/\/notquite.shop\/arg\/categoria-producto\/anillos\/"},{"@type":"ListItem","position":4,"name":"SUMA 01"}]},{"@type":"WebSite","@id":"https:\/\/notquite.shop\/arg\/#website","url":"https:\/\/notquite.shop\/arg\/","name":"NOTQUITE Argentina","description":"","potentialAction":[{"@type":"SearchAction","target":{"@type":"EntryPoint","urlTemplate":"https:\/\/notquite.shop\/arg\/?s={search_term_string}"},"query-input":{"@type":"PropertyValueSpecification","valueRequired":true,"valueName":"search_term_string"}}],"inLanguage":"es"}]}},"jetpack_sharing_enabled":true,"_links":{"self":[{"href":"https:\/\/notquite.shop\/arg\/wp-json\/wp\/v2\/product\/2515","targetHints":{"allow":["GET"]}}],"collection":[{"href":"https:\/\/notquite.shop\/arg\/wp-json\/wp\/v2\/product"}],"about":[{"href":"https:\/\/notquite.shop\/arg\/wp-json\/wp\/v2\/types\/product"}],"wp:featuredmedia":[{"embeddable":true,"href":"https:\/\/notquite.shop\/arg\/wp-json\/wp\/v2\/media\/2525"}],"wp:attachment":[{"href":"https:\/\/notquite.shop\/arg\/wp-json\/wp\/v2\/media?parent=2515"}],"wp:term":[{"taxonomy":"product_brand","embeddable":true,"href":"https:\/\/notquite.shop\/arg\/wp-json\/wp\/v2\/product_brand?post=2515"},{"taxonomy":"product_cat","embeddable":true,"href":"https:\/\/notquite.shop\/arg\/wp-json\/wp\/v2\/product_cat?post=2515"},{"taxonomy":"product_tag","embeddable":true,"href":"https:\/\/notquite.shop\/arg\/wp-json\/wp\/v2\/product_tag?post=2515"}],"curies":[{"name":"wp","href":"https:\/\/api.w.org\/{rel}","templated":true}]}}