{"id":2516,"date":"2025-07-12T20:13:07","date_gmt":"2025-07-12T23:13:07","guid":{"rendered":"https:\/\/notquite.shop\/arg\/?post_type=product&#038;p=2516"},"modified":"2026-03-26T17:23:08","modified_gmt":"2026-03-26T20:23:08","slug":"suma-02","status":"publish","type":"product","link":"https:\/\/notquite.shop\/arg\/producto\/suma-02\/","title":{"rendered":"SUMA 02"},"content":{"rendered":"<p>Este pulsera es elaborada a mano, se compone de 7 u 8 estrellas modeladas inicialmente en cera y posteriormente fundidos en Plata 925. El cierre cuenta con una piedra c\u00fabica negra circular cuidadosamente engarzada. La estructura completa es tambi\u00e9m de Plata 925.<\/p>\n<p>Es parte de nuestra colaboraci\u00f3n con SUMA. Nace desde un compartir. Comunidades, intereses, amigxs y seguro algunas cosas m\u00e1s.<\/p>\n<p>&nbsp;<\/p>\n<p>Talle chico: 16,5 cm<\/p>\n<p>Talle grande: 19,5 cm<\/p>\n","protected":false},"excerpt":{"rendered":"<p>Este pulsera es elaborada a mano, se compone de 7 u 8 estrellas modeladas inicialmente en cera y posteriormente fundidos en Plata 925. El cierre cuenta con una piedra c\u00fabica negra circular cuidadosamente engarzada. La estructura completa es tambi\u00e9m de Plata 925.<\/p>\n<p>Es parte de nuestra colaboraci\u00f3n con SUMA. Nace desde un compartir. Comunidades, intereses, amigxs y seguro algunas cosas m\u00e1s.<\/p>\n<p>&nbsp;<\/p>\n<p>Talle chico: 16,5 cm<\/p>\n<p>Talle grande: 19,5 cm<\/p>\n","protected":false},"featured_media":2522,"template":"","meta":[],"product_brand":[],"product_cat":[15,136],"product_tag":[],"class_list":{"0":"post-2516","1":"product","2":"type-product","3":"status-publish","4":"has-post-thumbnail","6":"product_cat-sin-categorizar","7":"product_cat-pulseras","9":"first","10":"instock","11":"shipping-taxable","12":"purchasable","13":"product-type-variable"},"yoast_head":"<!-- This site is optimized with the Yoast SEO plugin v26.2 - https:\/\/yoast.com\/wordpress\/plugins\/seo\/ -->\n<title>SUMA 02 - NOTQUITE Argentina<\/title>\n<meta name=\"description\" content=\"Joyas \u00fanicas hechas a mano, modeladas en cera y fundidas en Plata 925, inspiradas en el proceso, la experimentaci\u00f3n y una mirada contempor\u00e1nea.\" \/>\n<meta name=\"robots\" content=\"index, follow, max-snippet:-1, max-image-preview:large, max-video-preview:-1\" \/>\n<link rel=\"canonical\" href=\"https:\/\/notquite.shop\/arg\/producto\/suma-02\/\" \/>\n<meta property=\"og:locale\" content=\"es_ES\" \/>\n<meta property=\"og:type\" content=\"article\" \/>\n<meta property=\"og:title\" content=\"SUMA 02 - NOTQUITE Argentina\" \/>\n<meta property=\"og:description\" content=\"Joyas \u00fanicas hechas a mano, modeladas en cera y fundidas en Plata 925, inspiradas en el proceso, la experimentaci\u00f3n y una mirada contempor\u00e1nea.\" \/>\n<meta property=\"og:url\" content=\"https:\/\/notquite.shop\/arg\/producto\/suma-02\/\" \/>\n<meta property=\"og:site_name\" content=\"NOTQUITE Argentina\" \/>\n<meta property=\"article:modified_time\" content=\"2026-03-26T20:23:08+00:00\" \/>\n<meta property=\"og:image\" content=\"https:\/\/notquite.shop\/arg\/wp-content\/uploads\/2025\/07\/IMG_8068-scaled.jpg\" \/>\n\t<meta property=\"og:image:width\" content=\"1709\" \/>\n\t<meta property=\"og:image:height\" content=\"2560\" \/>\n\t<meta property=\"og:image:type\" content=\"image\/jpeg\" \/>\n<meta name=\"twitter:card\" content=\"summary_large_image\" \/>\n<meta name=\"twitter:label1\" content=\"Tiempo de lectura\" \/>\n\t<meta name=\"twitter:data1\" content=\"1 minuto\" \/>\n<script type=\"application\/ld+json\" class=\"yoast-schema-graph\">{\"@context\":\"https:\/\/schema.org\",\"@graph\":[{\"@type\":\"WebPage\",\"@id\":\"https:\/\/notquite.shop\/arg\/producto\/suma-02\/\",\"url\":\"https:\/\/notquite.shop\/arg\/producto\/suma-02\/\",\"name\":\"SUMA 02 - NOTQUITE Argentina\",\"isPartOf\":{\"@id\":\"https:\/\/notquite.shop\/arg\/#website\"},\"primaryImageOfPage\":{\"@id\":\"https:\/\/notquite.shop\/arg\/producto\/suma-02\/#primaryimage\"},\"image\":{\"@id\":\"https:\/\/notquite.shop\/arg\/producto\/suma-02\/#primaryimage\"},\"thumbnailUrl\":\"https:\/\/notquite.shop\/arg\/wp-content\/uploads\/2025\/07\/IMG_8068-scaled.jpg\",\"datePublished\":\"2025-07-12T23:13:07+00:00\",\"dateModified\":\"2026-03-26T20:23:08+00:00\",\"description\":\"Joyas \u00fanicas hechas a mano, modeladas en cera y fundidas en Plata 925, inspiradas en el proceso, la experimentaci\u00f3n y una mirada contempor\u00e1nea.\",\"breadcrumb\":{\"@id\":\"https:\/\/notquite.shop\/arg\/producto\/suma-02\/#breadcrumb\"},\"inLanguage\":\"es\",\"potentialAction\":[{\"@type\":\"ReadAction\",\"target\":[\"https:\/\/notquite.shop\/arg\/producto\/suma-02\/\"]}]},{\"@type\":\"ImageObject\",\"inLanguage\":\"es\",\"@id\":\"https:\/\/notquite.shop\/arg\/producto\/suma-02\/#primaryimage\",\"url\":\"https:\/\/notquite.shop\/arg\/wp-content\/uploads\/2025\/07\/IMG_8068-scaled.jpg\",\"contentUrl\":\"https:\/\/notquite.shop\/arg\/wp-content\/uploads\/2025\/07\/IMG_8068-scaled.jpg\",\"width\":1709,\"height\":2560},{\"@type\":\"BreadcrumbList\",\"@id\":\"https:\/\/notquite.shop\/arg\/producto\/suma-02\/#breadcrumb\",\"itemListElement\":[{\"@type\":\"ListItem\",\"position\":1,\"name\":\"Home\",\"item\":\"https:\/\/notquite.shop\/arg\/\"},{\"@type\":\"ListItem\",\"position\":2,\"name\":\"Tienda\",\"item\":\"https:\/\/notquite.shop\/arg\/tienda\/\"},{\"@type\":\"ListItem\",\"position\":3,\"name\":\"Sin categorizar\",\"item\":\"https:\/\/notquite.shop\/arg\/categoria-producto\/sin-categorizar\/\"},{\"@type\":\"ListItem\",\"position\":4,\"name\":\"SUMA 02\"}]},{\"@type\":\"WebSite\",\"@id\":\"https:\/\/notquite.shop\/arg\/#website\",\"url\":\"https:\/\/notquite.shop\/arg\/\",\"name\":\"NOTQUITE Argentina\",\"description\":\"\",\"potentialAction\":[{\"@type\":\"SearchAction\",\"target\":{\"@type\":\"EntryPoint\",\"urlTemplate\":\"https:\/\/notquite.shop\/arg\/?s={search_term_string}\"},\"query-input\":{\"@type\":\"PropertyValueSpecification\",\"valueRequired\":true,\"valueName\":\"search_term_string\"}}],\"inLanguage\":\"es\"}]}<\/script>\n<!-- \/ Yoast SEO plugin. -->","yoast_head_json":{"title":"SUMA 02 - NOTQUITE Argentina","description":"Joyas \u00fanicas hechas a mano, modeladas en cera y fundidas en Plata 925, inspiradas en el proceso, la experimentaci\u00f3n y una mirada contempor\u00e1nea.","robots":{"index":"index","follow":"follow","max-snippet":"max-snippet:-1","max-image-preview":"max-image-preview:large","max-video-preview":"max-video-preview:-1"},"canonical":"https:\/\/notquite.shop\/arg\/producto\/suma-02\/","og_locale":"es_ES","og_type":"article","og_title":"SUMA 02 - NOTQUITE Argentina","og_description":"Joyas \u00fanicas hechas a mano, modeladas en cera y fundidas en Plata 925, inspiradas en el proceso, la experimentaci\u00f3n y una mirada contempor\u00e1nea.","og_url":"https:\/\/notquite.shop\/arg\/producto\/suma-02\/","og_site_name":"NOTQUITE Argentina","article_modified_time":"2026-03-26T20:23:08+00:00","og_image":[{"width":1709,"height":2560,"url":"https:\/\/notquite.shop\/arg\/wp-content\/uploads\/2025\/07\/IMG_8068-scaled.jpg","type":"image\/jpeg"}],"twitter_card":"summary_large_image","twitter_misc":{"Tiempo de lectura":"1 minuto"},"schema":{"@context":"https:\/\/schema.org","@graph":[{"@type":"WebPage","@id":"https:\/\/notquite.shop\/arg\/producto\/suma-02\/","url":"https:\/\/notquite.shop\/arg\/producto\/suma-02\/","name":"SUMA 02 - NOTQUITE Argentina","isPartOf":{"@id":"https:\/\/notquite.shop\/arg\/#website"},"primaryImageOfPage":{"@id":"https:\/\/notquite.shop\/arg\/producto\/suma-02\/#primaryimage"},"image":{"@id":"https:\/\/notquite.shop\/arg\/producto\/suma-02\/#primaryimage"},"thumbnailUrl":"https:\/\/notquite.shop\/arg\/wp-content\/uploads\/2025\/07\/IMG_8068-scaled.jpg","datePublished":"2025-07-12T23:13:07+00:00","dateModified":"2026-03-26T20:23:08+00:00","description":"Joyas \u00fanicas hechas a mano, modeladas en cera y fundidas en Plata 925, inspiradas en el proceso, la experimentaci\u00f3n y una mirada contempor\u00e1nea.","breadcrumb":{"@id":"https:\/\/notquite.shop\/arg\/producto\/suma-02\/#breadcrumb"},"inLanguage":"es","potentialAction":[{"@type":"ReadAction","target":["https:\/\/notquite.shop\/arg\/producto\/suma-02\/"]}]},{"@type":"ImageObject","inLanguage":"es","@id":"https:\/\/notquite.shop\/arg\/producto\/suma-02\/#primaryimage","url":"https:\/\/notquite.shop\/arg\/wp-content\/uploads\/2025\/07\/IMG_8068-scaled.jpg","contentUrl":"https:\/\/notquite.shop\/arg\/wp-content\/uploads\/2025\/07\/IMG_8068-scaled.jpg","width":1709,"height":2560},{"@type":"BreadcrumbList","@id":"https:\/\/notquite.shop\/arg\/producto\/suma-02\/#breadcrumb","itemListElement":[{"@type":"ListItem","position":1,"name":"Home","item":"https:\/\/notquite.shop\/arg\/"},{"@type":"ListItem","position":2,"name":"Tienda","item":"https:\/\/notquite.shop\/arg\/tienda\/"},{"@type":"ListItem","position":3,"name":"Sin categorizar","item":"https:\/\/notquite.shop\/arg\/categoria-producto\/sin-categorizar\/"},{"@type":"ListItem","position":4,"name":"SUMA 02"}]},{"@type":"WebSite","@id":"https:\/\/notquite.shop\/arg\/#website","url":"https:\/\/notquite.shop\/arg\/","name":"NOTQUITE Argentina","description":"","potentialAction":[{"@type":"SearchAction","target":{"@type":"EntryPoint","urlTemplate":"https:\/\/notquite.shop\/arg\/?s={search_term_string}"},"query-input":{"@type":"PropertyValueSpecification","valueRequired":true,"valueName":"search_term_string"}}],"inLanguage":"es"}]}},"jetpack_sharing_enabled":true,"_links":{"self":[{"href":"https:\/\/notquite.shop\/arg\/wp-json\/wp\/v2\/product\/2516","targetHints":{"allow":["GET"]}}],"collection":[{"href":"https:\/\/notquite.shop\/arg\/wp-json\/wp\/v2\/product"}],"about":[{"href":"https:\/\/notquite.shop\/arg\/wp-json\/wp\/v2\/types\/product"}],"wp:featuredmedia":[{"embeddable":true,"href":"https:\/\/notquite.shop\/arg\/wp-json\/wp\/v2\/media\/2522"}],"wp:attachment":[{"href":"https:\/\/notquite.shop\/arg\/wp-json\/wp\/v2\/media?parent=2516"}],"wp:term":[{"taxonomy":"product_brand","embeddable":true,"href":"https:\/\/notquite.shop\/arg\/wp-json\/wp\/v2\/product_brand?post=2516"},{"taxonomy":"product_cat","embeddable":true,"href":"https:\/\/notquite.shop\/arg\/wp-json\/wp\/v2\/product_cat?post=2516"},{"taxonomy":"product_tag","embeddable":true,"href":"https:\/\/notquite.shop\/arg\/wp-json\/wp\/v2\/product_tag?post=2516"}],"curies":[{"name":"wp","href":"https:\/\/api.w.org\/{rel}","templated":true}]}}