{"id":2518,"date":"2025-07-12T20:11:45","date_gmt":"2025-07-12T23:11:45","guid":{"rendered":"https:\/\/notquite.shop\/arg\/?post_type=product&#038;p=2518"},"modified":"2026-03-26T17:34:22","modified_gmt":"2026-03-26T20:34:22","slug":"suma-03","status":"publish","type":"product","link":"https:\/\/notquite.shop\/arg\/producto\/suma-03\/","title":{"rendered":"SUMA 03"},"content":{"rendered":"<p>La estructura completa de este collar es de Plata 925. El cierre cuenta con una piedra c\u00fabica negra circular cuidadosamente engarzada.<\/p>\n<p>Es parte de nuestra colaboraci\u00f3n con SUMA. Nace desde un compartir. Comunidades, intereses, amigxs y seguro algunas cosas m\u00e1s.<\/p>\n<p>&nbsp;<\/p>\n<p>Largo: 45 cm<\/p>\n","protected":false},"excerpt":{"rendered":"<p>La estructura completa de este collar es de Plata 925. El cierre cuenta con una piedra c\u00fabica negra circular cuidadosamente engarzada.<\/p>\n<p>Es parte de nuestra colaboraci\u00f3n con SUMA. Nace desde un compartir. Comunidades, intereses, amigxs y seguro algunas cosas m\u00e1s.<\/p>\n<p>&nbsp;<\/p>\n<p>Largo: 45 cm<\/p>\n","protected":false},"featured_media":2935,"template":"","meta":[],"product_brand":[],"product_cat":[15,19],"product_tag":[],"class_list":{"0":"post-2518","1":"product","2":"type-product","3":"status-publish","4":"has-post-thumbnail","6":"product_cat-sin-categorizar","7":"product_cat-collares","9":"first","10":"instock","11":"shipping-taxable","12":"purchasable","13":"product-type-simple"},"yoast_head":"<!-- This site is optimized with the Yoast SEO plugin v26.2 - https:\/\/yoast.com\/wordpress\/plugins\/seo\/ -->\n<title>SUMA 03 - NOTQUITE Argentina<\/title>\n<meta name=\"description\" content=\"Joyas \u00fanicas hechas a mano, modeladas en cera y fundidas en Plata 925, inspiradas en el proceso, la experimentaci\u00f3n y una mirada contempor\u00e1nea.\" \/>\n<meta name=\"robots\" content=\"index, follow, max-snippet:-1, max-image-preview:large, max-video-preview:-1\" \/>\n<link rel=\"canonical\" href=\"https:\/\/notquite.shop\/arg\/producto\/suma-03\/\" \/>\n<meta property=\"og:locale\" content=\"es_ES\" \/>\n<meta property=\"og:type\" content=\"article\" \/>\n<meta property=\"og:title\" content=\"SUMA 03 - NOTQUITE Argentina\" \/>\n<meta property=\"og:description\" content=\"Joyas \u00fanicas hechas a mano, modeladas en cera y fundidas en Plata 925, inspiradas en el proceso, la experimentaci\u00f3n y una mirada contempor\u00e1nea.\" \/>\n<meta property=\"og:url\" content=\"https:\/\/notquite.shop\/arg\/producto\/suma-03\/\" \/>\n<meta property=\"og:site_name\" content=\"NOTQUITE Argentina\" \/>\n<meta property=\"article:modified_time\" content=\"2026-03-26T20:34:22+00:00\" \/>\n<meta property=\"og:image\" content=\"https:\/\/notquite.shop\/arg\/wp-content\/uploads\/2025\/07\/23729997-60e1-4276-8c42-c9263ef714eb.png\" \/>\n\t<meta property=\"og:image:width\" content=\"1024\" \/>\n\t<meta property=\"og:image:height\" content=\"1536\" \/>\n\t<meta property=\"og:image:type\" content=\"image\/png\" \/>\n<meta name=\"twitter:card\" content=\"summary_large_image\" \/>\n<meta name=\"twitter:label1\" content=\"Tiempo de lectura\" \/>\n\t<meta name=\"twitter:data1\" content=\"1 minuto\" \/>\n<script type=\"application\/ld+json\" class=\"yoast-schema-graph\">{\"@context\":\"https:\/\/schema.org\",\"@graph\":[{\"@type\":\"WebPage\",\"@id\":\"https:\/\/notquite.shop\/arg\/producto\/suma-03\/\",\"url\":\"https:\/\/notquite.shop\/arg\/producto\/suma-03\/\",\"name\":\"SUMA 03 - NOTQUITE Argentina\",\"isPartOf\":{\"@id\":\"https:\/\/notquite.shop\/arg\/#website\"},\"primaryImageOfPage\":{\"@id\":\"https:\/\/notquite.shop\/arg\/producto\/suma-03\/#primaryimage\"},\"image\":{\"@id\":\"https:\/\/notquite.shop\/arg\/producto\/suma-03\/#primaryimage\"},\"thumbnailUrl\":\"https:\/\/notquite.shop\/arg\/wp-content\/uploads\/2025\/07\/23729997-60e1-4276-8c42-c9263ef714eb.png\",\"datePublished\":\"2025-07-12T23:11:45+00:00\",\"dateModified\":\"2026-03-26T20:34:22+00:00\",\"description\":\"Joyas \u00fanicas hechas a mano, modeladas en cera y fundidas en Plata 925, inspiradas en el proceso, la experimentaci\u00f3n y una mirada contempor\u00e1nea.\",\"breadcrumb\":{\"@id\":\"https:\/\/notquite.shop\/arg\/producto\/suma-03\/#breadcrumb\"},\"inLanguage\":\"es\",\"potentialAction\":[{\"@type\":\"ReadAction\",\"target\":[\"https:\/\/notquite.shop\/arg\/producto\/suma-03\/\"]}]},{\"@type\":\"ImageObject\",\"inLanguage\":\"es\",\"@id\":\"https:\/\/notquite.shop\/arg\/producto\/suma-03\/#primaryimage\",\"url\":\"https:\/\/notquite.shop\/arg\/wp-content\/uploads\/2025\/07\/23729997-60e1-4276-8c42-c9263ef714eb.png\",\"contentUrl\":\"https:\/\/notquite.shop\/arg\/wp-content\/uploads\/2025\/07\/23729997-60e1-4276-8c42-c9263ef714eb.png\",\"width\":1024,\"height\":1536},{\"@type\":\"BreadcrumbList\",\"@id\":\"https:\/\/notquite.shop\/arg\/producto\/suma-03\/#breadcrumb\",\"itemListElement\":[{\"@type\":\"ListItem\",\"position\":1,\"name\":\"Home\",\"item\":\"https:\/\/notquite.shop\/arg\/\"},{\"@type\":\"ListItem\",\"position\":2,\"name\":\"Tienda\",\"item\":\"https:\/\/notquite.shop\/arg\/tienda\/\"},{\"@type\":\"ListItem\",\"position\":3,\"name\":\"Sin categorizar\",\"item\":\"https:\/\/notquite.shop\/arg\/categoria-producto\/sin-categorizar\/\"},{\"@type\":\"ListItem\",\"position\":4,\"name\":\"SUMA 03\"}]},{\"@type\":\"WebSite\",\"@id\":\"https:\/\/notquite.shop\/arg\/#website\",\"url\":\"https:\/\/notquite.shop\/arg\/\",\"name\":\"NOTQUITE Argentina\",\"description\":\"\",\"potentialAction\":[{\"@type\":\"SearchAction\",\"target\":{\"@type\":\"EntryPoint\",\"urlTemplate\":\"https:\/\/notquite.shop\/arg\/?s={search_term_string}\"},\"query-input\":{\"@type\":\"PropertyValueSpecification\",\"valueRequired\":true,\"valueName\":\"search_term_string\"}}],\"inLanguage\":\"es\"}]}<\/script>\n<!-- \/ Yoast SEO plugin. -->","yoast_head_json":{"title":"SUMA 03 - NOTQUITE Argentina","description":"Joyas \u00fanicas hechas a mano, modeladas en cera y fundidas en Plata 925, inspiradas en el proceso, la experimentaci\u00f3n y una mirada contempor\u00e1nea.","robots":{"index":"index","follow":"follow","max-snippet":"max-snippet:-1","max-image-preview":"max-image-preview:large","max-video-preview":"max-video-preview:-1"},"canonical":"https:\/\/notquite.shop\/arg\/producto\/suma-03\/","og_locale":"es_ES","og_type":"article","og_title":"SUMA 03 - NOTQUITE Argentina","og_description":"Joyas \u00fanicas hechas a mano, modeladas en cera y fundidas en Plata 925, inspiradas en el proceso, la experimentaci\u00f3n y una mirada contempor\u00e1nea.","og_url":"https:\/\/notquite.shop\/arg\/producto\/suma-03\/","og_site_name":"NOTQUITE Argentina","article_modified_time":"2026-03-26T20:34:22+00:00","og_image":[{"width":1024,"height":1536,"url":"https:\/\/notquite.shop\/arg\/wp-content\/uploads\/2025\/07\/23729997-60e1-4276-8c42-c9263ef714eb.png","type":"image\/png"}],"twitter_card":"summary_large_image","twitter_misc":{"Tiempo de lectura":"1 minuto"},"schema":{"@context":"https:\/\/schema.org","@graph":[{"@type":"WebPage","@id":"https:\/\/notquite.shop\/arg\/producto\/suma-03\/","url":"https:\/\/notquite.shop\/arg\/producto\/suma-03\/","name":"SUMA 03 - NOTQUITE Argentina","isPartOf":{"@id":"https:\/\/notquite.shop\/arg\/#website"},"primaryImageOfPage":{"@id":"https:\/\/notquite.shop\/arg\/producto\/suma-03\/#primaryimage"},"image":{"@id":"https:\/\/notquite.shop\/arg\/producto\/suma-03\/#primaryimage"},"thumbnailUrl":"https:\/\/notquite.shop\/arg\/wp-content\/uploads\/2025\/07\/23729997-60e1-4276-8c42-c9263ef714eb.png","datePublished":"2025-07-12T23:11:45+00:00","dateModified":"2026-03-26T20:34:22+00:00","description":"Joyas \u00fanicas hechas a mano, modeladas en cera y fundidas en Plata 925, inspiradas en el proceso, la experimentaci\u00f3n y una mirada contempor\u00e1nea.","breadcrumb":{"@id":"https:\/\/notquite.shop\/arg\/producto\/suma-03\/#breadcrumb"},"inLanguage":"es","potentialAction":[{"@type":"ReadAction","target":["https:\/\/notquite.shop\/arg\/producto\/suma-03\/"]}]},{"@type":"ImageObject","inLanguage":"es","@id":"https:\/\/notquite.shop\/arg\/producto\/suma-03\/#primaryimage","url":"https:\/\/notquite.shop\/arg\/wp-content\/uploads\/2025\/07\/23729997-60e1-4276-8c42-c9263ef714eb.png","contentUrl":"https:\/\/notquite.shop\/arg\/wp-content\/uploads\/2025\/07\/23729997-60e1-4276-8c42-c9263ef714eb.png","width":1024,"height":1536},{"@type":"BreadcrumbList","@id":"https:\/\/notquite.shop\/arg\/producto\/suma-03\/#breadcrumb","itemListElement":[{"@type":"ListItem","position":1,"name":"Home","item":"https:\/\/notquite.shop\/arg\/"},{"@type":"ListItem","position":2,"name":"Tienda","item":"https:\/\/notquite.shop\/arg\/tienda\/"},{"@type":"ListItem","position":3,"name":"Sin categorizar","item":"https:\/\/notquite.shop\/arg\/categoria-producto\/sin-categorizar\/"},{"@type":"ListItem","position":4,"name":"SUMA 03"}]},{"@type":"WebSite","@id":"https:\/\/notquite.shop\/arg\/#website","url":"https:\/\/notquite.shop\/arg\/","name":"NOTQUITE Argentina","description":"","potentialAction":[{"@type":"SearchAction","target":{"@type":"EntryPoint","urlTemplate":"https:\/\/notquite.shop\/arg\/?s={search_term_string}"},"query-input":{"@type":"PropertyValueSpecification","valueRequired":true,"valueName":"search_term_string"}}],"inLanguage":"es"}]}},"jetpack_sharing_enabled":true,"_links":{"self":[{"href":"https:\/\/notquite.shop\/arg\/wp-json\/wp\/v2\/product\/2518","targetHints":{"allow":["GET"]}}],"collection":[{"href":"https:\/\/notquite.shop\/arg\/wp-json\/wp\/v2\/product"}],"about":[{"href":"https:\/\/notquite.shop\/arg\/wp-json\/wp\/v2\/types\/product"}],"wp:featuredmedia":[{"embeddable":true,"href":"https:\/\/notquite.shop\/arg\/wp-json\/wp\/v2\/media\/2935"}],"wp:attachment":[{"href":"https:\/\/notquite.shop\/arg\/wp-json\/wp\/v2\/media?parent=2518"}],"wp:term":[{"taxonomy":"product_brand","embeddable":true,"href":"https:\/\/notquite.shop\/arg\/wp-json\/wp\/v2\/product_brand?post=2518"},{"taxonomy":"product_cat","embeddable":true,"href":"https:\/\/notquite.shop\/arg\/wp-json\/wp\/v2\/product_cat?post=2518"},{"taxonomy":"product_tag","embeddable":true,"href":"https:\/\/notquite.shop\/arg\/wp-json\/wp\/v2\/product_tag?post=2518"}],"curies":[{"name":"wp","href":"https:\/\/api.w.org\/{rel}","templated":true}]}}