{"id":2619,"date":"2025-12-12T11:59:03","date_gmt":"2025-12-12T14:59:03","guid":{"rendered":"https:\/\/notquite.shop\/arg\/?post_type=product&#038;p=2619"},"modified":"2026-03-26T13:29:50","modified_gmt":"2026-03-26T16:29:50","slug":"collar-aura","status":"publish","type":"product","link":"https:\/\/notquite.shop\/arg\/producto\/collar-aura\/","title":{"rendered":"COLLAR AURA"},"content":{"rendered":"<p>\u200b\u200bEste collar es elaborado a mano, se compone de 19 eslabones modelados inicialmente en cera y posteriormente fundidos en Plata 925. Cada eslabon cuenta con una piedra zirconia c\u00fabica cuidadosamente engarzadas. La estructura completa es tambi\u00e9n de Plata 925.<br \/>\nOfrecemos personalizaci\u00f3n para cada pedido. Si deseas una combinaci\u00f3n espec\u00edfica de colores en las piedras, por favor especifica tus preferencias en las notas del pedido al finalizar tu compra.<br \/>\nLargo: 43 cm<\/p>\n","protected":false},"excerpt":{"rendered":"<p>\u200b\u200bEste collar es elaborado a mano, se compone de 19 eslabones modelados inicialmente en cera y posteriormente fundidos en Plata 925. Cada eslabon cuenta con piedras cuidadosamente engarzadas. La estructura completa es tambi\u00e9n de Plata 925.<br \/>\nOfrecemos personalizaci\u00f3n para cada pedido. Si deseas una combinaci\u00f3n espec\u00edfica de colores en las piedras, por favor especifica tus preferencias en las notas del pedido al finalizar tu compra.<br \/>\nLargo: 43 cm<\/p>\n","protected":false},"featured_media":2689,"template":"","meta":[],"product_brand":[],"product_cat":[19],"product_tag":[],"class_list":{"0":"post-2619","1":"product","2":"type-product","3":"status-publish","4":"has-post-thumbnail","6":"product_cat-collares","8":"first","9":"instock","10":"shipping-taxable","11":"purchasable","12":"product-type-variable"},"yoast_head":"<!-- This site is optimized with the Yoast SEO plugin v26.2 - https:\/\/yoast.com\/wordpress\/plugins\/seo\/ -->\n<title>COLLAR AURA - NOTQUITE Argentina<\/title>\n<meta name=\"robots\" content=\"index, follow, max-snippet:-1, max-image-preview:large, max-video-preview:-1\" \/>\n<link rel=\"canonical\" href=\"https:\/\/notquite.shop\/arg\/producto\/collar-aura\/\" \/>\n<meta property=\"og:locale\" content=\"es_ES\" \/>\n<meta property=\"og:type\" content=\"article\" \/>\n<meta property=\"og:title\" content=\"COLLAR AURA - NOTQUITE Argentina\" \/>\n<meta property=\"og:description\" content=\"\u200b\u200bEste collar es elaborado a mano, se compone de 19 eslabones modelados inicialmente en cera y posteriormente fundidos en Plata 925. Cada eslabon cuenta con piedras cuidadosamente engarzadas. La estructura completa es tambi\u00e9n de Plata 925. Ofrecemos personalizaci\u00f3n para cada pedido. Si deseas una combinaci\u00f3n espec\u00edfica de colores en las piedras, por favor especifica tus preferencias en las notas del pedido al finalizar tu compra. Largo: 43 cm\" \/>\n<meta property=\"og:url\" content=\"https:\/\/notquite.shop\/arg\/producto\/collar-aura\/\" \/>\n<meta property=\"og:site_name\" content=\"NOTQUITE Argentina\" \/>\n<meta property=\"article:modified_time\" content=\"2026-03-26T16:29:50+00:00\" \/>\n<meta property=\"og:image\" content=\"https:\/\/notquite.shop\/arg\/wp-content\/uploads\/2025\/12\/notquite-viamonte-catalogo-felixniikado-high-37-scaled.jpg\" \/>\n\t<meta property=\"og:image:width\" content=\"2560\" \/>\n\t<meta property=\"og:image:height\" content=\"2560\" \/>\n\t<meta property=\"og:image:type\" content=\"image\/jpeg\" \/>\n<meta name=\"twitter:card\" content=\"summary_large_image\" \/>\n<meta name=\"twitter:label1\" content=\"Tiempo de lectura\" \/>\n\t<meta name=\"twitter:data1\" content=\"1 minuto\" \/>\n<script type=\"application\/ld+json\" class=\"yoast-schema-graph\">{\"@context\":\"https:\/\/schema.org\",\"@graph\":[{\"@type\":\"WebPage\",\"@id\":\"https:\/\/notquite.shop\/arg\/producto\/collar-aura\/\",\"url\":\"https:\/\/notquite.shop\/arg\/producto\/collar-aura\/\",\"name\":\"COLLAR AURA - NOTQUITE Argentina\",\"isPartOf\":{\"@id\":\"https:\/\/notquite.shop\/arg\/#website\"},\"primaryImageOfPage\":{\"@id\":\"https:\/\/notquite.shop\/arg\/producto\/collar-aura\/#primaryimage\"},\"image\":{\"@id\":\"https:\/\/notquite.shop\/arg\/producto\/collar-aura\/#primaryimage\"},\"thumbnailUrl\":\"https:\/\/notquite.shop\/arg\/wp-content\/uploads\/2025\/12\/notquite-viamonte-catalogo-felixniikado-high-37-scaled.jpg\",\"datePublished\":\"2025-12-12T14:59:03+00:00\",\"dateModified\":\"2026-03-26T16:29:50+00:00\",\"breadcrumb\":{\"@id\":\"https:\/\/notquite.shop\/arg\/producto\/collar-aura\/#breadcrumb\"},\"inLanguage\":\"es\",\"potentialAction\":[{\"@type\":\"ReadAction\",\"target\":[\"https:\/\/notquite.shop\/arg\/producto\/collar-aura\/\"]}]},{\"@type\":\"ImageObject\",\"inLanguage\":\"es\",\"@id\":\"https:\/\/notquite.shop\/arg\/producto\/collar-aura\/#primaryimage\",\"url\":\"https:\/\/notquite.shop\/arg\/wp-content\/uploads\/2025\/12\/notquite-viamonte-catalogo-felixniikado-high-37-scaled.jpg\",\"contentUrl\":\"https:\/\/notquite.shop\/arg\/wp-content\/uploads\/2025\/12\/notquite-viamonte-catalogo-felixniikado-high-37-scaled.jpg\",\"width\":2560,\"height\":2560},{\"@type\":\"BreadcrumbList\",\"@id\":\"https:\/\/notquite.shop\/arg\/producto\/collar-aura\/#breadcrumb\",\"itemListElement\":[{\"@type\":\"ListItem\",\"position\":1,\"name\":\"Home\",\"item\":\"https:\/\/notquite.shop\/arg\/\"},{\"@type\":\"ListItem\",\"position\":2,\"name\":\"Tienda\",\"item\":\"https:\/\/notquite.shop\/arg\/tienda\/\"},{\"@type\":\"ListItem\",\"position\":3,\"name\":\"Collares\",\"item\":\"https:\/\/notquite.shop\/arg\/categoria-producto\/collares\/\"},{\"@type\":\"ListItem\",\"position\":4,\"name\":\"COLLAR AURA\"}]},{\"@type\":\"WebSite\",\"@id\":\"https:\/\/notquite.shop\/arg\/#website\",\"url\":\"https:\/\/notquite.shop\/arg\/\",\"name\":\"NOTQUITE Argentina\",\"description\":\"\",\"potentialAction\":[{\"@type\":\"SearchAction\",\"target\":{\"@type\":\"EntryPoint\",\"urlTemplate\":\"https:\/\/notquite.shop\/arg\/?s={search_term_string}\"},\"query-input\":{\"@type\":\"PropertyValueSpecification\",\"valueRequired\":true,\"valueName\":\"search_term_string\"}}],\"inLanguage\":\"es\"}]}<\/script>\n<!-- \/ Yoast SEO plugin. -->","yoast_head_json":{"title":"COLLAR AURA - NOTQUITE Argentina","robots":{"index":"index","follow":"follow","max-snippet":"max-snippet:-1","max-image-preview":"max-image-preview:large","max-video-preview":"max-video-preview:-1"},"canonical":"https:\/\/notquite.shop\/arg\/producto\/collar-aura\/","og_locale":"es_ES","og_type":"article","og_title":"COLLAR AURA - NOTQUITE Argentina","og_description":"\u200b\u200bEste collar es elaborado a mano, se compone de 19 eslabones modelados inicialmente en cera y posteriormente fundidos en Plata 925. Cada eslabon cuenta con piedras cuidadosamente engarzadas. La estructura completa es tambi\u00e9n de Plata 925. Ofrecemos personalizaci\u00f3n para cada pedido. Si deseas una combinaci\u00f3n espec\u00edfica de colores en las piedras, por favor especifica tus preferencias en las notas del pedido al finalizar tu compra. Largo: 43 cm","og_url":"https:\/\/notquite.shop\/arg\/producto\/collar-aura\/","og_site_name":"NOTQUITE Argentina","article_modified_time":"2026-03-26T16:29:50+00:00","og_image":[{"width":2560,"height":2560,"url":"https:\/\/notquite.shop\/arg\/wp-content\/uploads\/2025\/12\/notquite-viamonte-catalogo-felixniikado-high-37-scaled.jpg","type":"image\/jpeg"}],"twitter_card":"summary_large_image","twitter_misc":{"Tiempo de lectura":"1 minuto"},"schema":{"@context":"https:\/\/schema.org","@graph":[{"@type":"WebPage","@id":"https:\/\/notquite.shop\/arg\/producto\/collar-aura\/","url":"https:\/\/notquite.shop\/arg\/producto\/collar-aura\/","name":"COLLAR AURA - NOTQUITE Argentina","isPartOf":{"@id":"https:\/\/notquite.shop\/arg\/#website"},"primaryImageOfPage":{"@id":"https:\/\/notquite.shop\/arg\/producto\/collar-aura\/#primaryimage"},"image":{"@id":"https:\/\/notquite.shop\/arg\/producto\/collar-aura\/#primaryimage"},"thumbnailUrl":"https:\/\/notquite.shop\/arg\/wp-content\/uploads\/2025\/12\/notquite-viamonte-catalogo-felixniikado-high-37-scaled.jpg","datePublished":"2025-12-12T14:59:03+00:00","dateModified":"2026-03-26T16:29:50+00:00","breadcrumb":{"@id":"https:\/\/notquite.shop\/arg\/producto\/collar-aura\/#breadcrumb"},"inLanguage":"es","potentialAction":[{"@type":"ReadAction","target":["https:\/\/notquite.shop\/arg\/producto\/collar-aura\/"]}]},{"@type":"ImageObject","inLanguage":"es","@id":"https:\/\/notquite.shop\/arg\/producto\/collar-aura\/#primaryimage","url":"https:\/\/notquite.shop\/arg\/wp-content\/uploads\/2025\/12\/notquite-viamonte-catalogo-felixniikado-high-37-scaled.jpg","contentUrl":"https:\/\/notquite.shop\/arg\/wp-content\/uploads\/2025\/12\/notquite-viamonte-catalogo-felixniikado-high-37-scaled.jpg","width":2560,"height":2560},{"@type":"BreadcrumbList","@id":"https:\/\/notquite.shop\/arg\/producto\/collar-aura\/#breadcrumb","itemListElement":[{"@type":"ListItem","position":1,"name":"Home","item":"https:\/\/notquite.shop\/arg\/"},{"@type":"ListItem","position":2,"name":"Tienda","item":"https:\/\/notquite.shop\/arg\/tienda\/"},{"@type":"ListItem","position":3,"name":"Collares","item":"https:\/\/notquite.shop\/arg\/categoria-producto\/collares\/"},{"@type":"ListItem","position":4,"name":"COLLAR AURA"}]},{"@type":"WebSite","@id":"https:\/\/notquite.shop\/arg\/#website","url":"https:\/\/notquite.shop\/arg\/","name":"NOTQUITE Argentina","description":"","potentialAction":[{"@type":"SearchAction","target":{"@type":"EntryPoint","urlTemplate":"https:\/\/notquite.shop\/arg\/?s={search_term_string}"},"query-input":{"@type":"PropertyValueSpecification","valueRequired":true,"valueName":"search_term_string"}}],"inLanguage":"es"}]}},"jetpack_sharing_enabled":true,"_links":{"self":[{"href":"https:\/\/notquite.shop\/arg\/wp-json\/wp\/v2\/product\/2619","targetHints":{"allow":["GET"]}}],"collection":[{"href":"https:\/\/notquite.shop\/arg\/wp-json\/wp\/v2\/product"}],"about":[{"href":"https:\/\/notquite.shop\/arg\/wp-json\/wp\/v2\/types\/product"}],"wp:featuredmedia":[{"embeddable":true,"href":"https:\/\/notquite.shop\/arg\/wp-json\/wp\/v2\/media\/2689"}],"wp:attachment":[{"href":"https:\/\/notquite.shop\/arg\/wp-json\/wp\/v2\/media?parent=2619"}],"wp:term":[{"taxonomy":"product_brand","embeddable":true,"href":"https:\/\/notquite.shop\/arg\/wp-json\/wp\/v2\/product_brand?post=2619"},{"taxonomy":"product_cat","embeddable":true,"href":"https:\/\/notquite.shop\/arg\/wp-json\/wp\/v2\/product_cat?post=2619"},{"taxonomy":"product_tag","embeddable":true,"href":"https:\/\/notquite.shop\/arg\/wp-json\/wp\/v2\/product_tag?post=2619"}],"curies":[{"name":"wp","href":"https:\/\/api.w.org\/{rel}","templated":true}]}}