{"id":1634,"date":"2024-10-29T23:04:19","date_gmt":"2024-10-29T23:04:19","guid":{"rendered":"https:\/\/notquite.shop\/ext\/?post_type=product&#038;p=1634"},"modified":"2026-03-16T17:25:14","modified_gmt":"2026-03-16T20:25:14","slug":"mississippi","status":"publish","type":"product","link":"https:\/\/notquite.shop\/ext\/producto\/mississippi\/","title":{"rendered":"Mississippi"},"content":{"rendered":"","protected":false},"excerpt":{"rendered":"<p class=\"p1\">Esta pieza es parte de una colecci\u00f3n que fue concebida con la idea de representar dos caracter\u00edsticas contrapuestas del agua: poder y delicadeza.<\/p>\n<p class=\"p1\">Espero te acompa\u00f1e en momentos en los que la libertad sea protagonista de tu historia\u00a0y te recuerde que el agua fluye, no tiene otra opci\u00f3n, solo puede ser libre y seguir adelante.<\/p>\n<p>Son hechas a mano, modeladas en cera y fundidas en Plata 925.<\/p>\n<p style=\"font-size: 12px;\"><em>Si hay stock disponible el producto se enviar\u00e1 en 48hs.\u00a0Si no hay stock disponible, el producto estar\u00e1 listo para ser enviado 14 d\u00edas despu\u00e9s de la compra.<\/em><\/p>\n","protected":false},"featured_media":1665,"template":"","meta":[],"product_brand":[],"product_cat":[18],"product_tag":[21],"class_list":{"0":"post-1634","1":"product","2":"type-product","3":"status-publish","4":"has-post-thumbnail","6":"product_cat-aros","7":"product_tag-earrings","9":"first","10":"instock","11":"shipping-taxable","12":"purchasable","13":"product-type-simple"},"yoast_head":"<!-- This site is optimized with the Yoast SEO plugin v27.4 - https:\/\/yoast.com\/product\/yoast-seo-wordpress\/ -->\n<title>Mississippi - NOTQUITE EXT<\/title>\n<meta name=\"description\" content=\"Joyas \u00fanicas hechas a mano, modeladas en cera y fundidas en Plata 925 inspiradas en el arte y la delicadeza de la naturaleza.\" \/>\n<meta name=\"robots\" content=\"index, follow, max-snippet:-1, max-image-preview:large, max-video-preview:-1\" \/>\n<link rel=\"canonical\" href=\"https:\/\/notquite.shop\/ext\/producto\/mississippi\/\" \/>\n<meta property=\"og:locale\" content=\"es_ES\" \/>\n<meta property=\"og:type\" content=\"article\" \/>\n<meta property=\"og:title\" content=\"Mississippi - NOTQUITE EXT\" \/>\n<meta property=\"og:description\" content=\"Joyas \u00fanicas hechas a mano, modeladas en cera y fundidas en Plata 925 inspiradas en el arte y la delicadeza de la naturaleza.\" \/>\n<meta property=\"og:url\" content=\"https:\/\/notquite.shop\/ext\/producto\/mississippi\/\" \/>\n<meta property=\"og:site_name\" content=\"NOTQUITE EXT\" \/>\n<meta property=\"article:modified_time\" content=\"2026-03-16T20:25:14+00:00\" \/>\n<meta property=\"og:image\" content=\"https:\/\/notquite.shop\/ext\/wp-content\/uploads\/2024\/10\/2d_01_00017_raw-1-scaled-1.jpeg\" \/>\n\t<meta property=\"og:image:width\" content=\"2560\" \/>\n\t<meta property=\"og:image:height\" content=\"2560\" \/>\n\t<meta property=\"og:image:type\" content=\"image\/jpeg\" \/>\n<meta name=\"twitter:card\" content=\"summary_large_image\" \/>\n<meta name=\"twitter:label1\" content=\"Tiempo de lectura\" \/>\n\t<meta name=\"twitter:data1\" content=\"1 minuto\" \/>\n<script type=\"application\/ld+json\" class=\"yoast-schema-graph\">{\"@context\":\"https:\\\/\\\/schema.org\",\"@graph\":[{\"@type\":\"WebPage\",\"@id\":\"https:\\\/\\\/notquite.shop\\\/ext\\\/producto\\\/mississippi\\\/\",\"url\":\"https:\\\/\\\/notquite.shop\\\/ext\\\/producto\\\/mississippi\\\/\",\"name\":\"Mississippi - NOTQUITE EXT\",\"isPartOf\":{\"@id\":\"https:\\\/\\\/notquite.shop\\\/ext\\\/#website\"},\"primaryImageOfPage\":{\"@id\":\"https:\\\/\\\/notquite.shop\\\/ext\\\/producto\\\/mississippi\\\/#primaryimage\"},\"image\":{\"@id\":\"https:\\\/\\\/notquite.shop\\\/ext\\\/producto\\\/mississippi\\\/#primaryimage\"},\"thumbnailUrl\":\"https:\\\/\\\/notquite.shop\\\/ext\\\/wp-content\\\/uploads\\\/2024\\\/10\\\/2d_01_00017_raw-1-scaled-1.jpeg\",\"datePublished\":\"2024-10-29T23:04:19+00:00\",\"dateModified\":\"2026-03-16T20:25:14+00:00\",\"description\":\"Joyas \u00fanicas hechas a mano, modeladas en cera y fundidas en Plata 925 inspiradas en el arte y la delicadeza de la naturaleza.\",\"breadcrumb\":{\"@id\":\"https:\\\/\\\/notquite.shop\\\/ext\\\/producto\\\/mississippi\\\/#breadcrumb\"},\"inLanguage\":\"es\",\"potentialAction\":[{\"@type\":\"ReadAction\",\"target\":[\"https:\\\/\\\/notquite.shop\\\/ext\\\/producto\\\/mississippi\\\/\"]}]},{\"@type\":\"ImageObject\",\"inLanguage\":\"es\",\"@id\":\"https:\\\/\\\/notquite.shop\\\/ext\\\/producto\\\/mississippi\\\/#primaryimage\",\"url\":\"https:\\\/\\\/notquite.shop\\\/ext\\\/wp-content\\\/uploads\\\/2024\\\/10\\\/2d_01_00017_raw-1-scaled-1.jpeg\",\"contentUrl\":\"https:\\\/\\\/notquite.shop\\\/ext\\\/wp-content\\\/uploads\\\/2024\\\/10\\\/2d_01_00017_raw-1-scaled-1.jpeg\",\"width\":2560,\"height\":2560},{\"@type\":\"BreadcrumbList\",\"@id\":\"https:\\\/\\\/notquite.shop\\\/ext\\\/producto\\\/mississippi\\\/#breadcrumb\",\"itemListElement\":[{\"@type\":\"ListItem\",\"position\":1,\"name\":\"Home\",\"item\":\"https:\\\/\\\/notquite.shop\\\/ext\\\/\"},{\"@type\":\"ListItem\",\"position\":2,\"name\":\"Tienda\",\"item\":\"https:\\\/\\\/notquite.shop\\\/ext\\\/tienda\\\/\"},{\"@type\":\"ListItem\",\"position\":3,\"name\":\"Aros\",\"item\":\"https:\\\/\\\/notquite.shop\\\/ext\\\/categoria-producto\\\/aros\\\/\"},{\"@type\":\"ListItem\",\"position\":4,\"name\":\"Mississippi\"}]},{\"@type\":\"WebSite\",\"@id\":\"https:\\\/\\\/notquite.shop\\\/ext\\\/#website\",\"url\":\"https:\\\/\\\/notquite.shop\\\/ext\\\/\",\"name\":\"NOTQUITE EXT\",\"description\":\"\",\"potentialAction\":[{\"@type\":\"SearchAction\",\"target\":{\"@type\":\"EntryPoint\",\"urlTemplate\":\"https:\\\/\\\/notquite.shop\\\/ext\\\/?s={search_term_string}\"},\"query-input\":{\"@type\":\"PropertyValueSpecification\",\"valueRequired\":true,\"valueName\":\"search_term_string\"}}],\"inLanguage\":\"es\"}]}<\/script>\n<!-- \/ Yoast SEO plugin. -->","yoast_head_json":{"title":"Mississippi - NOTQUITE EXT","description":"Joyas \u00fanicas hechas a mano, modeladas en cera y fundidas en Plata 925 inspiradas en el arte y la delicadeza de la naturaleza.","robots":{"index":"index","follow":"follow","max-snippet":"max-snippet:-1","max-image-preview":"max-image-preview:large","max-video-preview":"max-video-preview:-1"},"canonical":"https:\/\/notquite.shop\/ext\/producto\/mississippi\/","og_locale":"es_ES","og_type":"article","og_title":"Mississippi - NOTQUITE EXT","og_description":"Joyas \u00fanicas hechas a mano, modeladas en cera y fundidas en Plata 925 inspiradas en el arte y la delicadeza de la naturaleza.","og_url":"https:\/\/notquite.shop\/ext\/producto\/mississippi\/","og_site_name":"NOTQUITE EXT","article_modified_time":"2026-03-16T20:25:14+00:00","og_image":[{"width":2560,"height":2560,"url":"https:\/\/notquite.shop\/ext\/wp-content\/uploads\/2024\/10\/2d_01_00017_raw-1-scaled-1.jpeg","type":"image\/jpeg"}],"twitter_card":"summary_large_image","twitter_misc":{"Tiempo de lectura":"1 minuto"},"schema":{"@context":"https:\/\/schema.org","@graph":[{"@type":"WebPage","@id":"https:\/\/notquite.shop\/ext\/producto\/mississippi\/","url":"https:\/\/notquite.shop\/ext\/producto\/mississippi\/","name":"Mississippi - NOTQUITE EXT","isPartOf":{"@id":"https:\/\/notquite.shop\/ext\/#website"},"primaryImageOfPage":{"@id":"https:\/\/notquite.shop\/ext\/producto\/mississippi\/#primaryimage"},"image":{"@id":"https:\/\/notquite.shop\/ext\/producto\/mississippi\/#primaryimage"},"thumbnailUrl":"https:\/\/notquite.shop\/ext\/wp-content\/uploads\/2024\/10\/2d_01_00017_raw-1-scaled-1.jpeg","datePublished":"2024-10-29T23:04:19+00:00","dateModified":"2026-03-16T20:25:14+00:00","description":"Joyas \u00fanicas hechas a mano, modeladas en cera y fundidas en Plata 925 inspiradas en el arte y la delicadeza de la naturaleza.","breadcrumb":{"@id":"https:\/\/notquite.shop\/ext\/producto\/mississippi\/#breadcrumb"},"inLanguage":"es","potentialAction":[{"@type":"ReadAction","target":["https:\/\/notquite.shop\/ext\/producto\/mississippi\/"]}]},{"@type":"ImageObject","inLanguage":"es","@id":"https:\/\/notquite.shop\/ext\/producto\/mississippi\/#primaryimage","url":"https:\/\/notquite.shop\/ext\/wp-content\/uploads\/2024\/10\/2d_01_00017_raw-1-scaled-1.jpeg","contentUrl":"https:\/\/notquite.shop\/ext\/wp-content\/uploads\/2024\/10\/2d_01_00017_raw-1-scaled-1.jpeg","width":2560,"height":2560},{"@type":"BreadcrumbList","@id":"https:\/\/notquite.shop\/ext\/producto\/mississippi\/#breadcrumb","itemListElement":[{"@type":"ListItem","position":1,"name":"Home","item":"https:\/\/notquite.shop\/ext\/"},{"@type":"ListItem","position":2,"name":"Tienda","item":"https:\/\/notquite.shop\/ext\/tienda\/"},{"@type":"ListItem","position":3,"name":"Aros","item":"https:\/\/notquite.shop\/ext\/categoria-producto\/aros\/"},{"@type":"ListItem","position":4,"name":"Mississippi"}]},{"@type":"WebSite","@id":"https:\/\/notquite.shop\/ext\/#website","url":"https:\/\/notquite.shop\/ext\/","name":"NOTQUITE EXT","description":"","potentialAction":[{"@type":"SearchAction","target":{"@type":"EntryPoint","urlTemplate":"https:\/\/notquite.shop\/ext\/?s={search_term_string}"},"query-input":{"@type":"PropertyValueSpecification","valueRequired":true,"valueName":"search_term_string"}}],"inLanguage":"es"}]}},"jetpack_sharing_enabled":true,"_links":{"self":[{"href":"https:\/\/notquite.shop\/ext\/wp-json\/wp\/v2\/product\/1634","targetHints":{"allow":["GET"]}}],"collection":[{"href":"https:\/\/notquite.shop\/ext\/wp-json\/wp\/v2\/product"}],"about":[{"href":"https:\/\/notquite.shop\/ext\/wp-json\/wp\/v2\/types\/product"}],"wp:featuredmedia":[{"embeddable":true,"href":"https:\/\/notquite.shop\/ext\/wp-json\/wp\/v2\/media\/1665"}],"wp:attachment":[{"href":"https:\/\/notquite.shop\/ext\/wp-json\/wp\/v2\/media?parent=1634"}],"wp:term":[{"taxonomy":"product_brand","embeddable":true,"href":"https:\/\/notquite.shop\/ext\/wp-json\/wp\/v2\/product_brand?post=1634"},{"taxonomy":"product_cat","embeddable":true,"href":"https:\/\/notquite.shop\/ext\/wp-json\/wp\/v2\/product_cat?post=1634"},{"taxonomy":"product_tag","embeddable":true,"href":"https:\/\/notquite.shop\/ext\/wp-json\/wp\/v2\/product_tag?post=1634"}],"curies":[{"name":"wp","href":"https:\/\/api.w.org\/{rel}","templated":true}]}}