{"id":1803,"date":"2024-10-29T23:05:50","date_gmt":"2024-10-29T23:05:50","guid":{"rendered":"https:\/\/notquite.shop\/ext\/?post_type=product&#038;p=1803"},"modified":"2026-03-16T17:15:15","modified_gmt":"2026-03-16T20:15:15","slug":"zambeze-necklace","status":"publish","type":"product","link":"https:\/\/notquite.shop\/ext\/producto\/zambeze-necklace\/","title":{"rendered":"Zambeze Necklace"},"content":{"rendered":"","protected":false},"excerpt":{"rendered":"<p class=\"p1\">Esta pieza es parte de una colecci\u00f3n que fue concebida con la idea de representar dos caracter\u00edsticas contrapuestas del agua: poder y delicadeza.<\/p>\n<p class=\"p1\">Espero te acompa\u00f1e en momentos en los que la libertad sea protagonista de tu historia\u00a0y te recuerde que el agua fluye, no tiene otra opci\u00f3n, solo puede ser libre y seguir adelante.<\/p>\n<p>Son hechas a mano, modeladas en cera y fundidas en Plata 925.<\/p>\n<p style=\"font-size: 12px;\"><em>Si hay stock disponible el producto se enviar\u00e1 en 48hs.\u00a0Si no hay stock disponible, el producto estar\u00e1 listo para ser enviado 14 d\u00edas despu\u00e9s de la compra.<\/em><\/p>\n","protected":false},"featured_media":1815,"template":"","meta":[],"product_brand":[],"product_cat":[19],"product_tag":[],"class_list":{"0":"post-1803","1":"product","2":"type-product","3":"status-publish","4":"has-post-thumbnail","6":"product_cat-collares","8":"first","9":"instock","10":"shipping-taxable","11":"purchasable","12":"product-type-simple"},"yoast_head":"<!-- This site is optimized with the Yoast SEO plugin v27.4 - https:\/\/yoast.com\/product\/yoast-seo-wordpress\/ -->\n<title>Zambeze Necklace - NOTQUITE EXT<\/title>\n<meta name=\"robots\" content=\"index, follow, max-snippet:-1, max-image-preview:large, max-video-preview:-1\" \/>\n<link rel=\"canonical\" href=\"https:\/\/notquite.shop\/ext\/producto\/zambeze-necklace\/\" \/>\n<meta property=\"og:locale\" content=\"es_ES\" \/>\n<meta property=\"og:type\" content=\"article\" \/>\n<meta property=\"og:title\" content=\"Zambeze Necklace - NOTQUITE EXT\" \/>\n<meta property=\"og:description\" content=\"Esta pieza es parte de una colecci\u00f3n que fue concebida con la idea de representar dos caracter\u00edsticas contrapuestas del agua: poder y delicadeza. Espero te acompa\u00f1e en momentos en los que la libertad sea protagonista de tu historia\u00a0y te recuerde que el agua fluye, no tiene otra opci\u00f3n, solo puede ser libre y seguir adelante. Son hechas a mano, modeladas en cera y fundidas en Plata 925. Si hay stock disponible el producto se enviar\u00e1 en 48hs.\u00a0Si no hay stock disponible, el producto estar\u00e1 listo para ser enviado 14 d\u00edas despu\u00e9s de la compra.\" \/>\n<meta property=\"og:url\" content=\"https:\/\/notquite.shop\/ext\/producto\/zambeze-necklace\/\" \/>\n<meta property=\"og:site_name\" content=\"NOTQUITE EXT\" \/>\n<meta property=\"article:modified_time\" content=\"2026-03-16T20:15:15+00:00\" \/>\n<meta property=\"og:image\" content=\"https:\/\/notquite.shop\/ext\/wp-content\/uploads\/2024\/10\/2d_01_00006_raw-scaled-1.jpeg\" \/>\n\t<meta property=\"og:image:width\" content=\"2560\" \/>\n\t<meta property=\"og:image:height\" content=\"2560\" \/>\n\t<meta property=\"og:image:type\" content=\"image\/jpeg\" \/>\n<meta name=\"twitter:card\" content=\"summary_large_image\" \/>\n<meta name=\"twitter:label1\" content=\"Tiempo de lectura\" \/>\n\t<meta name=\"twitter:data1\" content=\"1 minuto\" \/>\n<script type=\"application\/ld+json\" class=\"yoast-schema-graph\">{\"@context\":\"https:\\\/\\\/schema.org\",\"@graph\":[{\"@type\":\"WebPage\",\"@id\":\"https:\\\/\\\/notquite.shop\\\/ext\\\/producto\\\/zambeze-necklace\\\/\",\"url\":\"https:\\\/\\\/notquite.shop\\\/ext\\\/producto\\\/zambeze-necklace\\\/\",\"name\":\"Zambeze Necklace - NOTQUITE EXT\",\"isPartOf\":{\"@id\":\"https:\\\/\\\/notquite.shop\\\/ext\\\/#website\"},\"primaryImageOfPage\":{\"@id\":\"https:\\\/\\\/notquite.shop\\\/ext\\\/producto\\\/zambeze-necklace\\\/#primaryimage\"},\"image\":{\"@id\":\"https:\\\/\\\/notquite.shop\\\/ext\\\/producto\\\/zambeze-necklace\\\/#primaryimage\"},\"thumbnailUrl\":\"https:\\\/\\\/notquite.shop\\\/ext\\\/wp-content\\\/uploads\\\/2024\\\/10\\\/2d_01_00006_raw-scaled-1.jpeg\",\"datePublished\":\"2024-10-29T23:05:50+00:00\",\"dateModified\":\"2026-03-16T20:15:15+00:00\",\"breadcrumb\":{\"@id\":\"https:\\\/\\\/notquite.shop\\\/ext\\\/producto\\\/zambeze-necklace\\\/#breadcrumb\"},\"inLanguage\":\"es\",\"potentialAction\":[{\"@type\":\"ReadAction\",\"target\":[\"https:\\\/\\\/notquite.shop\\\/ext\\\/producto\\\/zambeze-necklace\\\/\"]}]},{\"@type\":\"ImageObject\",\"inLanguage\":\"es\",\"@id\":\"https:\\\/\\\/notquite.shop\\\/ext\\\/producto\\\/zambeze-necklace\\\/#primaryimage\",\"url\":\"https:\\\/\\\/notquite.shop\\\/ext\\\/wp-content\\\/uploads\\\/2024\\\/10\\\/2d_01_00006_raw-scaled-1.jpeg\",\"contentUrl\":\"https:\\\/\\\/notquite.shop\\\/ext\\\/wp-content\\\/uploads\\\/2024\\\/10\\\/2d_01_00006_raw-scaled-1.jpeg\",\"width\":2560,\"height\":2560},{\"@type\":\"BreadcrumbList\",\"@id\":\"https:\\\/\\\/notquite.shop\\\/ext\\\/producto\\\/zambeze-necklace\\\/#breadcrumb\",\"itemListElement\":[{\"@type\":\"ListItem\",\"position\":1,\"name\":\"Home\",\"item\":\"https:\\\/\\\/notquite.shop\\\/ext\\\/\"},{\"@type\":\"ListItem\",\"position\":2,\"name\":\"Tienda\",\"item\":\"https:\\\/\\\/notquite.shop\\\/ext\\\/tienda\\\/\"},{\"@type\":\"ListItem\",\"position\":3,\"name\":\"Collares\",\"item\":\"https:\\\/\\\/notquite.shop\\\/ext\\\/categoria-producto\\\/collares\\\/\"},{\"@type\":\"ListItem\",\"position\":4,\"name\":\"Zambeze Necklace\"}]},{\"@type\":\"WebSite\",\"@id\":\"https:\\\/\\\/notquite.shop\\\/ext\\\/#website\",\"url\":\"https:\\\/\\\/notquite.shop\\\/ext\\\/\",\"name\":\"NOTQUITE EXT\",\"description\":\"\",\"potentialAction\":[{\"@type\":\"SearchAction\",\"target\":{\"@type\":\"EntryPoint\",\"urlTemplate\":\"https:\\\/\\\/notquite.shop\\\/ext\\\/?s={search_term_string}\"},\"query-input\":{\"@type\":\"PropertyValueSpecification\",\"valueRequired\":true,\"valueName\":\"search_term_string\"}}],\"inLanguage\":\"es\"}]}<\/script>\n<!-- \/ Yoast SEO plugin. -->","yoast_head_json":{"title":"Zambeze Necklace - NOTQUITE EXT","robots":{"index":"index","follow":"follow","max-snippet":"max-snippet:-1","max-image-preview":"max-image-preview:large","max-video-preview":"max-video-preview:-1"},"canonical":"https:\/\/notquite.shop\/ext\/producto\/zambeze-necklace\/","og_locale":"es_ES","og_type":"article","og_title":"Zambeze Necklace - NOTQUITE EXT","og_description":"Esta pieza es parte de una colecci\u00f3n que fue concebida con la idea de representar dos caracter\u00edsticas contrapuestas del agua: poder y delicadeza. Espero te acompa\u00f1e en momentos en los que la libertad sea protagonista de tu historia\u00a0y te recuerde que el agua fluye, no tiene otra opci\u00f3n, solo puede ser libre y seguir adelante. Son hechas a mano, modeladas en cera y fundidas en Plata 925. Si hay stock disponible el producto se enviar\u00e1 en 48hs.\u00a0Si no hay stock disponible, el producto estar\u00e1 listo para ser enviado 14 d\u00edas despu\u00e9s de la compra.","og_url":"https:\/\/notquite.shop\/ext\/producto\/zambeze-necklace\/","og_site_name":"NOTQUITE EXT","article_modified_time":"2026-03-16T20:15:15+00:00","og_image":[{"width":2560,"height":2560,"url":"https:\/\/notquite.shop\/ext\/wp-content\/uploads\/2024\/10\/2d_01_00006_raw-scaled-1.jpeg","type":"image\/jpeg"}],"twitter_card":"summary_large_image","twitter_misc":{"Tiempo de lectura":"1 minuto"},"schema":{"@context":"https:\/\/schema.org","@graph":[{"@type":"WebPage","@id":"https:\/\/notquite.shop\/ext\/producto\/zambeze-necklace\/","url":"https:\/\/notquite.shop\/ext\/producto\/zambeze-necklace\/","name":"Zambeze Necklace - NOTQUITE EXT","isPartOf":{"@id":"https:\/\/notquite.shop\/ext\/#website"},"primaryImageOfPage":{"@id":"https:\/\/notquite.shop\/ext\/producto\/zambeze-necklace\/#primaryimage"},"image":{"@id":"https:\/\/notquite.shop\/ext\/producto\/zambeze-necklace\/#primaryimage"},"thumbnailUrl":"https:\/\/notquite.shop\/ext\/wp-content\/uploads\/2024\/10\/2d_01_00006_raw-scaled-1.jpeg","datePublished":"2024-10-29T23:05:50+00:00","dateModified":"2026-03-16T20:15:15+00:00","breadcrumb":{"@id":"https:\/\/notquite.shop\/ext\/producto\/zambeze-necklace\/#breadcrumb"},"inLanguage":"es","potentialAction":[{"@type":"ReadAction","target":["https:\/\/notquite.shop\/ext\/producto\/zambeze-necklace\/"]}]},{"@type":"ImageObject","inLanguage":"es","@id":"https:\/\/notquite.shop\/ext\/producto\/zambeze-necklace\/#primaryimage","url":"https:\/\/notquite.shop\/ext\/wp-content\/uploads\/2024\/10\/2d_01_00006_raw-scaled-1.jpeg","contentUrl":"https:\/\/notquite.shop\/ext\/wp-content\/uploads\/2024\/10\/2d_01_00006_raw-scaled-1.jpeg","width":2560,"height":2560},{"@type":"BreadcrumbList","@id":"https:\/\/notquite.shop\/ext\/producto\/zambeze-necklace\/#breadcrumb","itemListElement":[{"@type":"ListItem","position":1,"name":"Home","item":"https:\/\/notquite.shop\/ext\/"},{"@type":"ListItem","position":2,"name":"Tienda","item":"https:\/\/notquite.shop\/ext\/tienda\/"},{"@type":"ListItem","position":3,"name":"Collares","item":"https:\/\/notquite.shop\/ext\/categoria-producto\/collares\/"},{"@type":"ListItem","position":4,"name":"Zambeze Necklace"}]},{"@type":"WebSite","@id":"https:\/\/notquite.shop\/ext\/#website","url":"https:\/\/notquite.shop\/ext\/","name":"NOTQUITE EXT","description":"","potentialAction":[{"@type":"SearchAction","target":{"@type":"EntryPoint","urlTemplate":"https:\/\/notquite.shop\/ext\/?s={search_term_string}"},"query-input":{"@type":"PropertyValueSpecification","valueRequired":true,"valueName":"search_term_string"}}],"inLanguage":"es"}]}},"jetpack_sharing_enabled":true,"_links":{"self":[{"href":"https:\/\/notquite.shop\/ext\/wp-json\/wp\/v2\/product\/1803","targetHints":{"allow":["GET"]}}],"collection":[{"href":"https:\/\/notquite.shop\/ext\/wp-json\/wp\/v2\/product"}],"about":[{"href":"https:\/\/notquite.shop\/ext\/wp-json\/wp\/v2\/types\/product"}],"wp:featuredmedia":[{"embeddable":true,"href":"https:\/\/notquite.shop\/ext\/wp-json\/wp\/v2\/media\/1815"}],"wp:attachment":[{"href":"https:\/\/notquite.shop\/ext\/wp-json\/wp\/v2\/media?parent=1803"}],"wp:term":[{"taxonomy":"product_brand","embeddable":true,"href":"https:\/\/notquite.shop\/ext\/wp-json\/wp\/v2\/product_brand?post=1803"},{"taxonomy":"product_cat","embeddable":true,"href":"https:\/\/notquite.shop\/ext\/wp-json\/wp\/v2\/product_cat?post=1803"},{"taxonomy":"product_tag","embeddable":true,"href":"https:\/\/notquite.shop\/ext\/wp-json\/wp\/v2\/product_tag?post=1803"}],"curies":[{"name":"wp","href":"https:\/\/api.w.org\/{rel}","templated":true}]}}